{"id":992,"date":"2018-09-05T06:34:47","date_gmt":"2018-09-05T06:34:47","guid":{"rendered":"http:\/\/chave.cec.es\/?page_id=992"},"modified":"2018-09-05T06:35:20","modified_gmt":"2018-09-05T06:35:20","slug":"politica-de-privacidad","status":"publish","type":"page","link":"https:\/\/chave.cec.es\/index.php\/politica-de-privacidad\/","title":{"rendered":"Pol\u00edtica de privacidad"},"content":{"rendered":"<div id=\"pl-992\"  class=\"panel-layout\" ><div id=\"pg-992-0\"  class=\"panel-grid panel-no-style\" ><div id=\"pgc-992-0-0\"  class=\"panel-grid-cell\" ><div id=\"panel-992-0-0-0\" class=\"so-panel widget widget_themegrill_flash_heading tg-widget section-title-wrapper panel-first-child\" data-index=\"0\" >\t<h3 class=\"section-title\">Pol\u00edtica de privacidad<\/h3>\n<\/div><div id=\"panel-992-0-0-1\" class=\"so-panel widget widget_text panel-last-child\" data-index=\"1\" >\t\t\t<div class=\"textwidget\"><p style=\"text-align: justify;\">En cumplimiento de lo dispuesto en la normativa de protecci\u00f3n de datos le informamos de que los datos que nos facilite ser\u00e1n tratados por\u00a0la Confederaci\u00f3n de Empresarios de La Coru\u00f1a conforme a la normativa vigente, con unas medidas de seguridad t\u00e9cnicas y organizativas necesarias para garantizar la integridad, confidencialidad y disponibilidad de los datos personales facilitados.<\/p>\n<p style=\"text-align: justify;\"><strong>Propiedad intelectual<\/strong><\/p>\n<p>Todos los contenidos que formen parte del presente portal web son propiedad de la Confederaci\u00f3n de Empresarios de La Coru\u00f1a o de terceros que han autorizado debidamente su inclusi\u00f3n en el mismo y que figuran como autores o titulares de los derechos.<\/p>\n<p>Los derechos de explotaci\u00f3n del portal web son titularidad de la Confederaci\u00f3n de Empresarios de La Coru\u00f1a La estructura, organizaci\u00f3n y codificaci\u00f3n del portal web constituyen valiosos secretos comerciales e informaci\u00f3n confidencial de la Confederaci\u00f3n de Empresarios de La Coru\u00f1a con lo cual el usuario no podr\u00e1 copiarlas sin autorizaci\u00f3n expresa y por escrito de sus titulares.<\/p>\n<p>En ning\u00fan caso se entender\u00e1 que se concede licencia alguna o se efect\u00faa renuncia, transmisi\u00f3n, cesi\u00f3n total o parcial de dichos derechos, ni se confiere ning\u00fan derecho, y en especial, de explotaci\u00f3n, reproducci\u00f3n, distribuci\u00f3n, transformaci\u00f3n o comunicaci\u00f3n p\u00fablica sobre dichos contenidos sin la previa autorizaci\u00f3n expresa y por escrito de la Confederaci\u00f3n de Empresarios de La Coru\u00f1a<\/p>\n<p>Las marcas deber\u00e1n utilizarse de conformidad con los usos comerciales sobre marcas, incluida la menci\u00f3n del nombre del propietario de la marca.<\/p>\n<p style=\"text-align: justify;\"><strong>Protecci\u00f3n de Datos de Car\u00e1cter Personal<\/strong><\/p>\n<p>Los datos de contacto suministrados voluntariamente por usted ser\u00e1n empleados para env\u00edo de informaci\u00f3n, respuesta a consultas, desarrollo de la relaci\u00f3n contractual o negocial y contactos gen\u00e9ricos, siendo tratados con las medidas de seguridad conforme a la normativa vigente, hall\u00e1ndose incorporados al fichero \u201cCONTACTOS WEB\u201d del cual es responsable la \u201cCONFEDERACI\u00d3N DE EMPRESARIOS DE LA CORU\u00d1A\u201d.<\/p>\n<p>La Confederaci\u00f3n de Empresarios de La Coru\u00f1a garantiza en todo caso el derecho a ejercer los derechos de acceso, rectificaci\u00f3n, cancelaci\u00f3n y oposici\u00f3n mediante correo electr\u00f3nico a\u00a0<a href=\"mailto:lopd@cec.es\">lopd@cec.es<\/a>\u00a0o mediante correo postal a:<\/p>\n<p>Confederaci\u00f3n de Empresarios de La Coru\u00f1a<br \/>\nPlaza Luis Seoane, entreplanta, torre 1<br \/>\n15008 A Coru\u00f1a.<\/p>\n<p><strong>LSSI<\/strong><\/p>\n<p>Asimismo y salvo que medie autorizaci\u00f3n expresa por su parte, le comunicamos que NO se utilizar\u00e1n dichos datos para el env\u00edo de comunicaciones comerciales por correo electr\u00f3nico no solicitadas o no autorizadas expresa y previamente por el interesado, seg\u00fan lo estipulado en la Ley de Servicios de la Sociedad de Informaci\u00f3n (LSSI o LSSICE).<\/p>\n<p>Tambi\u00e9n pueden ejercitarse estos derechos en los t\u00e9rminos que la normativa aplicable establece y que puede consultar en\u00a0<a href=\"http:\/\/www.agpd.es\/\">www.agpd.es<\/a><\/p>\n<\/div>\n\t\t<\/div><\/div><\/div><\/div>","protected":false},"excerpt":{"rendered":"<p>En cumplimiento de lo dispuesto en la normativa de protecci\u00f3n de datos le informamos de que los datos que nos [&hellip;]<\/p>\n","protected":false},"author":1,"featured_media":0,"parent":0,"menu_order":0,"comment_status":"closed","ping_status":"closed","template":"","meta":{"footnotes":""},"class_list":["post-992","page","type-page","status-publish","hentry"],"_links":{"self":[{"href":"https:\/\/chave.cec.es\/index.php\/wp-json\/wp\/v2\/pages\/992","targetHints":{"allow":["GET"]}}],"collection":[{"href":"https:\/\/chave.cec.es\/index.php\/wp-json\/wp\/v2\/pages"}],"about":[{"href":"https:\/\/chave.cec.es\/index.php\/wp-json\/wp\/v2\/types\/page"}],"author":[{"embeddable":true,"href":"https:\/\/chave.cec.es\/index.php\/wp-json\/wp\/v2\/users\/1"}],"replies":[{"embeddable":true,"href":"https:\/\/chave.cec.es\/index.php\/wp-json\/wp\/v2\/comments?post=992"}],"version-history":[{"count":7,"href":"https:\/\/chave.cec.es\/index.php\/wp-json\/wp\/v2\/pages\/992\/revisions"}],"predecessor-version":[{"id":999,"href":"https:\/\/chave.cec.es\/index.php\/wp-json\/wp\/v2\/pages\/992\/revisions\/999"}],"wp:attachment":[{"href":"https:\/\/chave.cec.es\/index.php\/wp-json\/wp\/v2\/media?parent=992"}],"curies":[{"name":"wp","href":"https:\/\/api.w.org\/{rel}","templated":true}]}}