{"id":767,"date":"2018-08-31T09:43:54","date_gmt":"2018-08-31T09:43:54","guid":{"rendered":"http:\/\/chave.cec.es\/?page_id=767"},"modified":"2021-03-05T08:17:22","modified_gmt":"2021-03-05T08:17:22","slug":"insercion-2020","status":"publish","type":"page","link":"https:\/\/chave.cec.es\/index.php\/insercion-2020\/","title":{"rendered":"INSERCI\u00d3N 2020"},"content":{"rendered":"<p>Un dos obxectivos do Plan Laboral CEC Coru\u00f1a 2020 \u00e9 <strong>acadar a inserci\u00f3n laboral dos\/das participantes e mellorar os seus niveis de empregabilidade<\/strong> mediante as distintas acci\u00f3n en li\u00f1a que desde a mesma est\u00e1n previsto levar a cabo. Ao longo de todo o proxecto, os\/as participantes beneficiaranse do seguimento e traballo sistematizado que o equipo t\u00e9cnico levar\u00e1 a cabo con eles\/as, mediante <strong>entrevistas de orientaci\u00f3n laborais telem\u00e1ticas<\/strong>, c\u00f3 fin de acadar informaci\u00f3n e asesorar tecnicamente \u00f3\/\u00e1 participante.<\/p>\n<p>Para concluir qu\u00e9 tipo de empresa \u00e9 a m\u00e1is adecuada para cada persoa, <strong>profesionais especializados en investigaci\u00f3n e estudios de nichos de empregabilidade<\/strong>, analizar\u00e1n a contorna de traballo delimitando os \u00e1mbitos xeogr\u00e1fico, ocupacional, funcional e temporal.<\/p>\n<p><img loading=\"lazy\" decoding=\"async\" class=\"aligncenter size-full wp-image-1057\" src=\"https:\/\/chave.cec.es\/wp-content\/uploads\/2018\/09\/insercionLaboral.jpg\" alt=\"\" width=\"1047\" height=\"410\" srcset=\"https:\/\/chave.cec.es\/wp-content\/uploads\/2018\/09\/insercionLaboral.jpg 1047w, https:\/\/chave.cec.es\/wp-content\/uploads\/2018\/09\/insercionLaboral-300x117.jpg 300w, https:\/\/chave.cec.es\/wp-content\/uploads\/2018\/09\/insercionLaboral-768x301.jpg 768w, https:\/\/chave.cec.es\/wp-content\/uploads\/2018\/09\/insercionLaboral-1024x401.jpg 1024w\" sizes=\"auto, (max-width: 1047px) 100vw, 1047px\" \/><\/p>\n<p>De igual modo, conscientes da actual situaci\u00f3n laboral orixinada pola COVID-19, de maneira transversal ao proxecto contamos co servizo da <strong>Axencia de Colocaci\u00f3n, homologada<\/strong>, a cal realizar\u00e1 o labor de intermediaci\u00f3n entre os\/as participantes e empresas ofertantes.<\/p>\n<p>Tam\u00e9n <strong>c\u00f3ntase para iniciativas emprendedoras que xurdan, dun\/dunha mentor\/a<\/strong> durante un per\u00edodo de tempo determinado para lograr afianzar o seu \u00e9xito nas s\u00faas etapas de posta en marcha e crecemento, como financiamento, tramitaci\u00f3n, forma xur\u00eddica, subvenci\u00f3n e axudas p\u00fablicas, plan de empresa, etc.<\/p>\n","protected":false},"excerpt":{"rendered":"<p>Un dos obxectivos do Plan Laboral CEC Coru\u00f1a 2020 \u00e9 acadar a inserci\u00f3n laboral dos\/das participantes e mellorar os seus [&hellip;]<\/p>\n","protected":false},"author":1,"featured_media":0,"parent":0,"menu_order":0,"comment_status":"closed","ping_status":"closed","template":"page-templates\/full-width.php","meta":{"footnotes":""},"class_list":["post-767","page","type-page","status-publish","hentry"],"_links":{"self":[{"href":"https:\/\/chave.cec.es\/index.php\/wp-json\/wp\/v2\/pages\/767","targetHints":{"allow":["GET"]}}],"collection":[{"href":"https:\/\/chave.cec.es\/index.php\/wp-json\/wp\/v2\/pages"}],"about":[{"href":"https:\/\/chave.cec.es\/index.php\/wp-json\/wp\/v2\/types\/page"}],"author":[{"embeddable":true,"href":"https:\/\/chave.cec.es\/index.php\/wp-json\/wp\/v2\/users\/1"}],"replies":[{"embeddable":true,"href":"https:\/\/chave.cec.es\/index.php\/wp-json\/wp\/v2\/comments?post=767"}],"version-history":[{"count":6,"href":"https:\/\/chave.cec.es\/index.php\/wp-json\/wp\/v2\/pages\/767\/revisions"}],"predecessor-version":[{"id":1519,"href":"https:\/\/chave.cec.es\/index.php\/wp-json\/wp\/v2\/pages\/767\/revisions\/1519"}],"wp:attachment":[{"href":"https:\/\/chave.cec.es\/index.php\/wp-json\/wp\/v2\/media?parent=767"}],"curies":[{"name":"wp","href":"https:\/\/api.w.org\/{rel}","templated":true}]}}