{"id":765,"date":"2018-08-31T09:41:18","date_gmt":"2018-08-31T09:41:18","guid":{"rendered":"http:\/\/chave.cec.es\/?page_id=765"},"modified":"2021-03-05T08:17:24","modified_gmt":"2021-03-05T08:17:24","slug":"formacion-2020","status":"publish","type":"page","link":"https:\/\/chave.cec.es\/index.php\/formacion-2020\/","title":{"rendered":"FORMACI\u00d3N 2020"},"content":{"rendered":"<p>Para as persoas participantes seleccionadas, procederase a <strong>dese\u00f1ar o seu perfil profesional<\/strong> mediante un diagn\u00f3stico previo para definir as s\u00faas necesidades formativas e as s\u00faas preferencias profesionais.<\/p>\n<p><img loading=\"lazy\" decoding=\"async\" class=\"aligncenter size-full wp-image-1056\" src=\"https:\/\/chave.cec.es\/wp-content\/uploads\/2018\/09\/formacion.jpg\" alt=\"\" width=\"1047\" height=\"410\" srcset=\"https:\/\/chave.cec.es\/wp-content\/uploads\/2018\/09\/formacion.jpg 1047w, https:\/\/chave.cec.es\/wp-content\/uploads\/2018\/09\/formacion-300x117.jpg 300w, https:\/\/chave.cec.es\/wp-content\/uploads\/2018\/09\/formacion-768x301.jpg 768w, https:\/\/chave.cec.es\/wp-content\/uploads\/2018\/09\/formacion-1024x401.jpg 1024w\" sizes=\"auto, (max-width: 1047px) 100vw, 1047px\" \/><\/p>\n<p>Tendo en conta que o actual mercado laboral \u00e9 moi variante en t\u00f3dalas s\u00faas vertentes, no Plan Laboral CEC Coru\u00f1a 2020 <strong>contamos cun conxunto de acci\u00f3ns formativas<\/strong> que dotar\u00e1n aos\/\u00e1s participantes de t\u00f3dalas ferramentas precisas para que a s\u00faa procura sexa efectiva e melloren os seus niveis de empregabilidade, atendendo \u00e1s necesidades do\/a candidato\/a.<\/p>\n<p>Para que as persoas participantes <strong>logren desenvolver todo o seu potencial persoal e profesional, e alcancen as s\u00faas metas e obxectivos propostos<\/strong>, o plan incluir\u00e1 tam\u00e9n ferramentas para a b\u00fasqueda de emprego, comunicaci\u00f3n e oratoria e control emocional para fomentar a autoconfianza e autonom\u00eda, creaci\u00f3n e innovaci\u00f3n para fomentar a creatividade ou marca personal e copywriting, para mellorar e aumentar a nosa notoriedade no mercado laboral.<\/p>\n<p>Tam\u00e9n po\u00f1eremos ao alcance de calquer usuario unha concienciaci\u00f3n compreta a nivel de <strong>ciberseguridade<\/strong>, implantando unha serie de pautas e protocolos de actuaci\u00f3n para evitar sufrir un ataque inform\u00e1tico.<\/p>\n","protected":false},"excerpt":{"rendered":"<p>Para as persoas participantes seleccionadas, procederase a dese\u00f1ar o seu perfil profesional mediante un diagn\u00f3stico previo para definir as s\u00faas [&hellip;]<\/p>\n","protected":false},"author":1,"featured_media":0,"parent":0,"menu_order":0,"comment_status":"closed","ping_status":"closed","template":"page-templates\/full-width.php","meta":{"footnotes":""},"class_list":["post-765","page","type-page","status-publish","hentry"],"_links":{"self":[{"href":"https:\/\/chave.cec.es\/index.php\/wp-json\/wp\/v2\/pages\/765","targetHints":{"allow":["GET"]}}],"collection":[{"href":"https:\/\/chave.cec.es\/index.php\/wp-json\/wp\/v2\/pages"}],"about":[{"href":"https:\/\/chave.cec.es\/index.php\/wp-json\/wp\/v2\/types\/page"}],"author":[{"embeddable":true,"href":"https:\/\/chave.cec.es\/index.php\/wp-json\/wp\/v2\/users\/1"}],"replies":[{"embeddable":true,"href":"https:\/\/chave.cec.es\/index.php\/wp-json\/wp\/v2\/comments?post=765"}],"version-history":[{"count":7,"href":"https:\/\/chave.cec.es\/index.php\/wp-json\/wp\/v2\/pages\/765\/revisions"}],"predecessor-version":[{"id":1520,"href":"https:\/\/chave.cec.es\/index.php\/wp-json\/wp\/v2\/pages\/765\/revisions\/1520"}],"wp:attachment":[{"href":"https:\/\/chave.cec.es\/index.php\/wp-json\/wp\/v2\/media?parent=765"}],"curies":[{"name":"wp","href":"https:\/\/api.w.org\/{rel}","templated":true}]}}