{"id":763,"date":"2018-08-31T09:39:56","date_gmt":"2018-08-31T09:39:56","guid":{"rendered":"http:\/\/chave.cec.es\/?page_id=763"},"modified":"2021-03-05T08:17:26","modified_gmt":"2021-03-05T08:17:26","slug":"seleccion-2020","status":"publish","type":"page","link":"https:\/\/chave.cec.es\/index.php\/seleccion-2020\/","title":{"rendered":"SELECCI\u00d3N 2020"},"content":{"rendered":"<p>Para a captaci\u00f3n de candidatos\/as e difusi\u00f3n do Plan Laboral CEC Coru\u00f1a 2020, elab\u00f3rase unha <strong>campa\u00f1a de comunicaci\u00f3n que conta cunha imaxe corporativa que reflicte claramente a localidade da Coru\u00f1a<\/strong>. Esta imaxe utilizarase na p\u00e1xina web, en materiais promocionais e en diferentes medios de comunicaci\u00f3n sempre contando coa coordinaci\u00f3n do Concello da Coru\u00f1a.<\/p>\n<p><img loading=\"lazy\" decoding=\"async\" class=\"aligncenter size-full wp-image-1058\" src=\"https:\/\/chave.cec.es\/wp-content\/uploads\/2018\/09\/seleccion.jpg\" alt=\"\" width=\"1047\" height=\"410\" srcset=\"https:\/\/chave.cec.es\/wp-content\/uploads\/2018\/09\/seleccion.jpg 1047w, https:\/\/chave.cec.es\/wp-content\/uploads\/2018\/09\/seleccion-300x117.jpg 300w, https:\/\/chave.cec.es\/wp-content\/uploads\/2018\/09\/seleccion-768x301.jpg 768w, https:\/\/chave.cec.es\/wp-content\/uploads\/2018\/09\/seleccion-1024x401.jpg 1024w\" sizes=\"auto, (max-width: 1047px) 100vw, 1047px\" \/><\/p>\n<p>Unha vez feita a captaci\u00f3n emp\u00e9zase coa <strong>selecci\u00f3n de participantes<\/strong>, onde contamos cun equipo de profesionais cun amplo abanico de co\u00f1ecementos que se encargar\u00e1n de entrevistar aos participantes dispo\u00f1ibles, seguindo un criterio homox\u00e9neo, documentado e <strong>respectando os principios de transparencia e obxectividade<\/strong>, para seleccionar o grupo beneficiario definitivo que formar\u00e1 parte do proxecto.<\/p>\n<p>Nesta selecci\u00f3n <strong>terase en conta o inter\u00e9s por insertarse no mercado laboral<\/strong>, o seu grao de motivaci\u00f3n e compromiso, a s\u00faa actitude proactiva e positiva, a s\u00faas habilidades, como por exemplo creatividade, traballo en equipo, comunicaci\u00f3n\u2026 onde o obxectivo prioritario e que os participantes conformen <strong>dous grupos homox\u00e9neos<\/strong>.<\/p>\n","protected":false},"excerpt":{"rendered":"<p>Para a captaci\u00f3n de candidatos\/as e difusi\u00f3n do Plan Laboral CEC Coru\u00f1a 2020, elab\u00f3rase unha campa\u00f1a de comunicaci\u00f3n que conta [&hellip;]<\/p>\n","protected":false},"author":1,"featured_media":0,"parent":0,"menu_order":0,"comment_status":"closed","ping_status":"closed","template":"page-templates\/full-width.php","meta":{"footnotes":""},"class_list":["post-763","page","type-page","status-publish","hentry"],"_links":{"self":[{"href":"https:\/\/chave.cec.es\/index.php\/wp-json\/wp\/v2\/pages\/763","targetHints":{"allow":["GET"]}}],"collection":[{"href":"https:\/\/chave.cec.es\/index.php\/wp-json\/wp\/v2\/pages"}],"about":[{"href":"https:\/\/chave.cec.es\/index.php\/wp-json\/wp\/v2\/types\/page"}],"author":[{"embeddable":true,"href":"https:\/\/chave.cec.es\/index.php\/wp-json\/wp\/v2\/users\/1"}],"replies":[{"embeddable":true,"href":"https:\/\/chave.cec.es\/index.php\/wp-json\/wp\/v2\/comments?post=763"}],"version-history":[{"count":6,"href":"https:\/\/chave.cec.es\/index.php\/wp-json\/wp\/v2\/pages\/763\/revisions"}],"predecessor-version":[{"id":1521,"href":"https:\/\/chave.cec.es\/index.php\/wp-json\/wp\/v2\/pages\/763\/revisions\/1521"}],"wp:attachment":[{"href":"https:\/\/chave.cec.es\/index.php\/wp-json\/wp\/v2\/media?parent=763"}],"curies":[{"name":"wp","href":"https:\/\/api.w.org\/{rel}","templated":true}]}}