{"id":557,"date":"2018-05-10T16:46:49","date_gmt":"2018-05-10T16:46:49","guid":{"rendered":"http:\/\/chave.cec.es\/?page_id=557"},"modified":"2021-03-04T14:23:13","modified_gmt":"2021-03-04T14:23:13","slug":"identidad-corporativa-2020","status":"publish","type":"page","link":"https:\/\/chave.cec.es\/index.php\/identidad-corporativa-2020\/","title":{"rendered":"Identidade corporativa 2020"},"content":{"rendered":"<div id=\"pl-557\"  class=\"panel-layout\" ><div id=\"pg-557-0\"  class=\"panel-grid panel-has-style\" ><div class=\"panel-row-style panel-row-style-for-557-0\" ><div id=\"pgc-557-0-0\"  class=\"panel-grid-cell\" ><div id=\"panel-557-0-0-0\" class=\"so-panel widget widget_text panel-first-child\" data-index=\"0\" >\t\t\t<div class=\"textwidget\"><p>O dese\u00f1o do proxecto ti\u00f1a que reflectir claramente a localidade da Coru\u00f1a.<\/p>\n<p>A imaxe corporativa div\u00eddese en d\u00faas partes:<\/p>\n<ul>\n<li>Montaxe fotogr\u00e1fica<\/li>\n<li>T\u00edtulo e slogan<\/li>\n<\/ul>\n<\/div>\n\t\t<\/div><div id=\"panel-557-0-0-1\" class=\"so-panel widget widget_themegrill_flash_heading tg-widget section-title-wrapper\" data-index=\"1\" >\t<h3 class=\"section-title\">MONTAXE FOTOGR\u00c1FICA<\/h3>\n<\/div><div id=\"panel-557-0-0-2\" class=\"so-panel widget widget_text\" data-index=\"2\" >\t\t\t<div class=\"textwidget\"><p>Este proxecto est\u00e1 orientado a persoas da localidade da Coru\u00f1a. Para a montaxe fotogr\u00e1fica base\u00e1monos como en anteriores edici\u00f3ns do Plan laboral nun monumento hist\u00f3rico e emblem\u00e1tico da cidade: a \u201c<strong>Torre de H\u00e9rcules<\/strong>\u201d, situada na\u00a0<strong>costa norte da pen\u00ednsula coru\u00f1esa<\/strong>. Cabe destacar que se trata do Faro romano en funcionamento m\u00e1is antigo do mundo e, sen d\u00fabida, \u00e9 o emblema da cidade.<\/p>\n<p>A\u00a0<strong>tatuaxe da frecha<\/strong>\u00a0apuntando \u00e1 letra \u201cN\u201d adquire gran importancia neste dese\u00f1o, xa que representa a\u00a0<strong>orientaci\u00f3n laboral<\/strong>\u00a0de mozos e mozas da Coru\u00f1a. Unha\u00a0<strong>frecha\u00a0<\/strong>cando se dispara s\u00f3 pode ir nun sentido, cara adiante, por iso tam\u00e9n buscamos guialos desde unha perspectiva profesional, deixando atr\u00e1s os conflitos e problemas que poidan ter, para seguir evolucionando e poderse enfrontar a un mundo laboral afectado pola crise derivada do covid-19.<\/p>\n<p>Moitas persoas a\u00ednda non saben que cami\u00f1o seguir, xa que unha das consecuencias m\u00e1is devastadoras que trouxo esta pandemia foi a diminuci\u00f3n da actividade da maior\u00eda das empresas, pero hai que seguir en actividade. O mercado laboral est\u00e1 en constante evoluci\u00f3n e resulta necesario un esforzo para trocar os co\u00f1ecementos en habilidades\u00a0 organizativas, motivacionais, traballo en equipo\u2026 xa que todo volver\u00e1 \u00e1 normalidade e hai que estar preparado.<\/p>\n<p><img loading=\"lazy\" decoding=\"async\" class=\"aligncenter size-full wp-image-1176\" src=\"https:\/\/chave.cec.es\/wp-content\/uploads\/2020\/09\/planLaboral2020Imagen.jpg\" alt=\"MONTAXE FOTOGR\u00c1FICA\" width=\"885\" height=\"485\" \/><\/p>\n<\/div>\n\t\t<\/div><div id=\"panel-557-0-0-3\" class=\"so-panel widget widget_themegrill_flash_heading tg-widget section-title-wrapper\" data-index=\"3\" ><div class=\"panel-widget-style panel-widget-style-for-557-0-0-3\" >\t<h3 class=\"section-title\">T\u00cdTULO E SLOGAN<\/h3>\n<\/div><\/div><div id=\"panel-557-0-0-4\" class=\"so-panel widget widget_text panel-last-child\" data-index=\"4\" >\t\t\t<div class=\"textwidget\"><p>Por que o t\u00edtulo \u201c<strong>KEY MOMENT<\/strong>\u201d? Porque na actualidade o p\u00fablico novo m\u00f3vese nun entorno global a trav\u00e9s de Internet e as redes sociais, onde o idioma ingl\u00e9s \u00e9 un referente e soe ser empregado habitualmente nestes entornos, as\u00ed que utilizar a s\u00faa linguaxe \u00e9 unha forma de conectar con eles, chamar a s\u00faa atenci\u00f3n e aumentar o impacto da campa\u00f1a. O significado \u00e9 \u201c<strong>Momento clave<\/strong>\u201d, xa que con estas idades est\u00e1n nunha situaci\u00f3n crucial para decidir cal vai ser o seu cami\u00f1o profesional.<\/p>\n<p>Por\u00e9n, tam\u00e9n quixemos darlle importancia a nosa lingua c\u00f3 slogan \u201c<strong>A chave do teu futuro<\/strong>\u201d en galego para non esquecer a ligaz\u00f3n coa nosa terra e expresar que con este proxecto dar\u00e9moslles un impulso para construir unha marca persoal s\u00f3lida, onde mostrar os seus puntos m\u00e1is fortes e que poidan optar a todo un abanico de posibilidades laborais.<\/p>\n<p><img loading=\"lazy\" decoding=\"async\" src=\"https:\/\/chave.cec.es\/wp-content\/uploads\/2019\/09\/keymoment.jpg\" alt=\"T\u00cdTULO E SLOGAN\" width=\"885\" height=\"313\" class=\"aligncenter size-full wp-image-1179\" srcset=\"https:\/\/chave.cec.es\/wp-content\/uploads\/2019\/09\/keymoment.jpg 885w, https:\/\/chave.cec.es\/wp-content\/uploads\/2019\/09\/keymoment-300x106.jpg 300w, https:\/\/chave.cec.es\/wp-content\/uploads\/2019\/09\/keymoment-768x272.jpg 768w\" sizes=\"auto, (max-width: 885px) 100vw, 885px\" \/><\/p>\n<\/div>\n\t\t<\/div><\/div><\/div><\/div><\/div>","protected":false},"excerpt":{"rendered":"<p>O dese\u00f1o do proxecto ti\u00f1a que reflectir claramente a localidade da Coru\u00f1a.A imaxe corporativa div\u00eddese en d\u00faas partes:Montaxe fotogr\u00e1ficaT\u00edtulo e [&hellip;]<\/p>\n","protected":false},"author":1,"featured_media":0,"parent":0,"menu_order":0,"comment_status":"closed","ping_status":"closed","template":"","meta":{"footnotes":""},"class_list":["post-557","page","type-page","status-publish","hentry"],"_links":{"self":[{"href":"https:\/\/chave.cec.es\/index.php\/wp-json\/wp\/v2\/pages\/557","targetHints":{"allow":["GET"]}}],"collection":[{"href":"https:\/\/chave.cec.es\/index.php\/wp-json\/wp\/v2\/pages"}],"about":[{"href":"https:\/\/chave.cec.es\/index.php\/wp-json\/wp\/v2\/types\/page"}],"author":[{"embeddable":true,"href":"https:\/\/chave.cec.es\/index.php\/wp-json\/wp\/v2\/users\/1"}],"replies":[{"embeddable":true,"href":"https:\/\/chave.cec.es\/index.php\/wp-json\/wp\/v2\/comments?post=557"}],"version-history":[{"count":38,"href":"https:\/\/chave.cec.es\/index.php\/wp-json\/wp\/v2\/pages\/557\/revisions"}],"predecessor-version":[{"id":1405,"href":"https:\/\/chave.cec.es\/index.php\/wp-json\/wp\/v2\/pages\/557\/revisions\/1405"}],"wp:attachment":[{"href":"https:\/\/chave.cec.es\/index.php\/wp-json\/wp\/v2\/media?parent=557"}],"curies":[{"name":"wp","href":"https:\/\/api.w.org\/{rel}","templated":true}]}}