{"id":229,"date":"2017-02-08T04:25:02","date_gmt":"2017-02-08T04:25:02","guid":{"rendered":"https:\/\/demo.themegrill.com\/flash\/?page_id=229"},"modified":"2021-03-08T14:13:06","modified_gmt":"2021-03-08T14:13:06","slug":"proxecto-2020","status":"publish","type":"page","link":"https:\/\/chave.cec.es\/index.php\/proxecto-2020\/","title":{"rendered":"Proxecto 2020"},"content":{"rendered":"<div id=\"pl-229\"  class=\"panel-layout\" ><div id=\"pg-229-0\"  class=\"panel-grid panel-has-style\" ><div class=\"panel-row-style panel-row-style-for-229-0\" ><div id=\"pgc-229-0-0\"  class=\"panel-grid-cell\" ><div id=\"panel-229-0-0-0\" class=\"so-panel widget widget_text panel-first-child panel-last-child\" data-index=\"0\" >\t\t\t<div class=\"textwidget\"><p style=\"text-align:justify\">Debido ao \u00e9xito acadado nas pasadas edici\u00f3ns do<strong> Plan Laboral CEC Coru\u00f1a<\/strong>, onde analizamos o mercado laboral da Coru\u00f1a, identificando empresas empregadoras e seleccionando a demandantes de emprego con perf\u00eds af\u00edns \u00e1s necesidades de contrataci\u00f3n das empresas, dende a Confederaci\u00f3n de Empresarios de La Coru\u00f1a (CEC), <strong>plantexamos unha versi\u00f3n do proxecto m\u00e1is adaptada os tempos que corren, con toda a formaci\u00f3n e as orientaci\u00f3ns en li\u00f1a<\/strong>, pero co mesmo obxectivo de dotar as persoas candidatas de ferramentas axeitadas para a s\u00faa inserci\u00f3n no mercado laboral, mediante a formaci\u00f3n en competencias e habilidades transversais.<\/p>\n<\/div>\n\t\t<\/div><\/div><\/div><\/div><div id=\"pg-229-1\"  class=\"panel-grid panel-has-style\" ><div class=\"panel-row-style panel-row-style-for-229-1\" ><div id=\"pgc-229-1-0\"  class=\"panel-grid-cell\" ><div id=\"panel-229-1-0-0\" class=\"so-panel widget widget_themegrill_flash_heading tg-widget section-title-wrapper panel-first-child panel-last-child\" data-index=\"1\" >\t<h3 class=\"section-title\">OBXECTIVOS XERAIS<\/h3>\n<\/div><\/div><\/div><\/div><div id=\"pg-229-2\"  class=\"panel-grid panel-has-style\" ><div class=\"siteorigin-panels-stretch panel-row-style panel-row-style-for-229-2\" data-stretch-type=\"full\" ><div id=\"pgc-229-2-0\"  class=\"panel-grid-cell\" ><div id=\"panel-229-2-0-0\" class=\"so-panel widget widget_themegrill_flash_service tg-widget tg-single-service panel-first-child panel-last-child\" data-index=\"2\" >\n<div class=\"tg-service-widget tg-service-layout-2\">\n\t<div class=\"service-wrapper\">\n\t\t<div class=\"service-icon-title-wrapper clearfix\">\n\t\t\t\t\t\t\t\t\t<figure class=\"service-image-wrap\"><img decoding=\"async\" src=\"\/wp-content\/uploads\/2018\/09\/O1.jpg\" \/><\/figure>\n\t\t\t\t\t\t\t\t\t<h3 class=\"service-title-wrap\">\n\t\t\t\tPrimeiro Obxectivo\t\t\t\t\t\t\t<\/h3>\n\t\t\t\t\t<\/div>\n\t\t\t\t<div class=\"service-content-wrap\">Facilitar o acceso ao mercado laboral das persoas participantes no Plan<\/div>\n\t\t\t\t\t<\/div>\n<\/div>\n<\/div><\/div><div id=\"pgc-229-2-1\"  class=\"panel-grid-cell\" ><div id=\"panel-229-2-1-0\" class=\"so-panel widget widget_themegrill_flash_service tg-widget tg-single-service panel-first-child panel-last-child\" data-index=\"3\" >\n<div class=\"tg-service-widget tg-service-layout-2\">\n\t<div class=\"service-wrapper\">\n\t\t<div class=\"service-icon-title-wrapper clearfix\">\n\t\t\t\t\t\t\t\t\t<figure class=\"service-image-wrap\"><img decoding=\"async\" src=\"\/wp-content\/uploads\/2018\/09\/O2.jpg\" \/><\/figure>\n\t\t\t\t\t\t\t\t\t<h3 class=\"service-title-wrap\">\n\t\t\t\tSegundo Obxectivo\t\t\t\t\t\t\t<\/h3>\n\t\t\t\t\t<\/div>\n\t\t\t\t<div class=\"service-content-wrap\">Aumentar a s\u00faa formaci\u00f3n e habilidades para a inserci\u00f3n laboral, mellorando os seus co\u00f1ecementos, actitudes e aptitudes para a empregabilidade.<\/div>\n\t\t\t\t\t<\/div>\n<\/div>\n<\/div><\/div><div id=\"pgc-229-2-2\"  class=\"panel-grid-cell\" ><div id=\"panel-229-2-2-0\" class=\"so-panel widget widget_themegrill_flash_service tg-widget tg-single-service panel-first-child panel-last-child\" data-index=\"4\" >\n<div class=\"tg-service-widget tg-service-layout-2\">\n\t<div class=\"service-wrapper\">\n\t\t<div class=\"service-icon-title-wrapper clearfix\">\n\t\t\t\t\t\t\t\t\t<figure class=\"service-image-wrap\"><img decoding=\"async\" src=\"\/wp-content\/uploads\/2018\/09\/O3.jpg\" \/><\/figure>\n\t\t\t\t\t\t\t\t\t<h3 class=\"service-title-wrap\">\n\t\t\t\tTercer Obxectivo\t\t\t\t\t\t\t<\/h3>\n\t\t\t\t\t<\/div>\n\t\t\t\t<div class=\"service-content-wrap\">Levar a cabo procesos de intermediaci\u00f3n laboral entre empresas e os participantes<\/div>\n\t\t\t\t\t<\/div>\n<\/div>\n<\/div><\/div><\/div><\/div><div id=\"pg-229-3\"  class=\"panel-grid panel-no-style\" ><div id=\"pgc-229-3-0\"  class=\"panel-grid-cell\" ><div id=\"panel-229-3-0-0\" class=\"so-panel widget widget_themegrill_flash_heading tg-widget section-title-wrapper panel-first-child panel-last-child\" data-index=\"5\" >\t<h3 class=\"section-title\">OBXECTIVOS<\/h3>\n<\/div><\/div><\/div><div id=\"pg-229-4\"  class=\"panel-grid panel-has-style\" ><div class=\"panel-row-style panel-row-style-for-229-4\" ><div id=\"pgc-229-4-0\"  class=\"panel-grid-cell\" ><div id=\"panel-229-4-0-0\" class=\"so-panel widget widget_text panel-first-child panel-last-child\" data-index=\"6\" >\t\t\t<div class=\"textwidget\"><p><img loading=\"lazy\" decoding=\"async\" class=\"aligncenter size-full wp-image-1135\" src=\"https:\/\/chave.cec.es\/wp-content\/uploads\/2020\/09\/obxectivos2020.jpg\" alt=\"\" width=\"974\" height=\"603\" \/><\/p>\n<\/div>\n\t\t<\/div><\/div><\/div><\/div><div id=\"pg-229-5\"  class=\"panel-grid panel-has-style\" ><div class=\"panel-row-style panel-row-style-for-229-5\" ><div id=\"pgc-229-5-0\"  class=\"panel-grid-cell\" ><div id=\"panel-229-5-0-0\" class=\"so-panel widget widget_themegrill_flash_heading tg-widget section-title-wrapper panel-first-child\" data-index=\"7\" >\t<h3 class=\"section-title\">COLECTIVOS BENEFICIARIOS<\/h3>\n\t<div class=\"section-description\">Persoas en situaci\u00f3n de desemprego menores de 30 anos.<\/div>\n<\/div><div id=\"panel-229-5-0-1\" class=\"so-panel widget widget_text panel-last-child\" data-index=\"8\" >\t\t\t<div class=\"textwidget\"><h3><img loading=\"lazy\" decoding=\"async\" class=\"aligncenter size-full wp-image-721\" src=\"\/wp-content\/uploads\/2018\/08\/imagenProxecto.jpg\" alt=\"Proxecto\" width=\"1047\" height=\"410\" srcset=\"https:\/\/chave.cec.es\/wp-content\/uploads\/2018\/08\/imagenProxecto.jpg 1047w, https:\/\/chave.cec.es\/wp-content\/uploads\/2018\/08\/imagenProxecto-300x117.jpg 300w, https:\/\/chave.cec.es\/wp-content\/uploads\/2018\/08\/imagenProxecto-768x301.jpg 768w, https:\/\/chave.cec.es\/wp-content\/uploads\/2018\/08\/imagenProxecto-1024x401.jpg 1024w\" sizes=\"auto, (max-width: 1047px) 100vw, 1047px\" \/><\/h3>\n<\/div>\n\t\t<\/div><\/div><\/div><\/div><div id=\"pg-229-6\"  class=\"panel-grid panel-has-style\" ><div class=\"panel-row-style panel-row-style-for-229-6\" ><div id=\"pgc-229-6-0\"  class=\"panel-grid-cell\" ><div id=\"panel-229-6-0-0\" class=\"so-panel widget widget_themegrill_flash_heading tg-widget section-title-wrapper panel-first-child panel-last-child\" data-index=\"9\" >\t<h3 class=\"section-title\">ACTUACI\u00d3NS ESPEC\u00cdFICAS<\/h3>\n<\/div><\/div><\/div><\/div><div id=\"pg-229-7\"  class=\"panel-grid panel-has-style\" ><div class=\"siteorigin-panels-stretch panel-row-style panel-row-style-for-229-7\" data-stretch-type=\"full\" ><div id=\"pgc-229-7-0\"  class=\"panel-grid-cell\" ><div id=\"panel-229-7-0-0\" class=\"so-panel widget widget_themegrill_flash_service tg-widget tg-single-service panel-first-child panel-last-child\" data-index=\"10\" >\n<div class=\"tg-service-widget tg-service-layout-2\">\n\t<div class=\"service-wrapper\">\n\t\t<div class=\"service-icon-title-wrapper clearfix\">\n\t\t\t\t\t\t<div class=\"service-icon-wrap\"><i class=\"fa fa-bullhorn\"><\/i><\/div>\n\t\t\t\t\t\t\t\t\t\t\t\t<h3 class=\"service-title-wrap\">\n\t\t\t\t1. CAPTACI\u00d3N DE CANDIDATOS\/AS E DIFUSI\u00d3N\t\t\t\t\t\t\t<\/h3>\n\t\t\t\t\t<\/div>\n\t\t\t\t<div class=\"service-content-wrap\">Levarase a cabo unha campa\u00f1a de comunicaci\u00f3n para dar a co\u00f1ecer o Plan Laboral CEC Coru\u00f1a polo equipo t\u00e9cnico da CEC e contrataci\u00f3n externa para captar os 120 participantes previstos.<\/div>\n\t\t\t\t\t<\/div>\n<\/div>\n<\/div><\/div><div id=\"pgc-229-7-1\"  class=\"panel-grid-cell\" ><div id=\"panel-229-7-1-0\" class=\"so-panel widget widget_themegrill_flash_service tg-widget tg-single-service panel-first-child panel-last-child\" data-index=\"11\" >\n<div class=\"tg-service-widget tg-service-layout-2\">\n\t<div class=\"service-wrapper\">\n\t\t<div class=\"service-icon-title-wrapper clearfix\">\n\t\t\t\t\t\t<div class=\"service-icon-wrap\"><i class=\"fa fa-search\"><\/i><\/div>\n\t\t\t\t\t\t\t\t\t\t\t\t<h3 class=\"service-title-wrap\">\n\t\t\t\t2. SELECCI\u00d3N DE BENEFICIARIOS\t\t\t\t\t\t\t<\/h3>\n\t\t\t\t\t<\/div>\n\t\t\t\t<div class=\"service-content-wrap\">Entre todas as persoas candidatas, o equipo t\u00e9cnico da CEC, seleccionar\u00e1 as 60 persoas m\u00e1is id\u00f3neas para o proxecto, que ser\u00e1n entrevistadas e avaliadas para identificar os 30 beneficiarios do programa.<\/div>\n\t\t\t\t\t<\/div>\n<\/div>\n<\/div><\/div><div id=\"pgc-229-7-2\"  class=\"panel-grid-cell\" ><div id=\"panel-229-7-2-0\" class=\"so-panel widget widget_themegrill_flash_service tg-widget tg-single-service panel-first-child panel-last-child\" data-index=\"12\" >\n<div class=\"tg-service-widget tg-service-layout-2\">\n\t<div class=\"service-wrapper\">\n\t\t<div class=\"service-icon-title-wrapper clearfix\">\n\t\t\t\t\t\t<div class=\"service-icon-wrap\"><i class=\"fa fa-bullseye\"><\/i><\/div>\n\t\t\t\t\t\t\t\t\t\t\t\t<h3 class=\"service-title-wrap\">\n\t\t\t\t3. PLAN PERSONALIZADO DE EMPREGABILIDADE\t\t\t\t\t\t\t<\/h3>\n\t\t\t\t\t<\/div>\n\t\t\t\t<div class=\"service-content-wrap\">Neste Plan terase en conta o nivel formativo, as expectativas persoais e profesionais das persoas candidatas, e a demanda do mercado laboral.<\/div>\n\t\t\t\t\t<\/div>\n<\/div>\n<\/div><\/div><div id=\"pgc-229-7-3\"  class=\"panel-grid-cell\" ><div id=\"panel-229-7-3-0\" class=\"so-panel widget widget_themegrill_flash_service tg-widget tg-single-service panel-first-child panel-last-child\" data-index=\"13\" >\n<div class=\"tg-service-widget tg-service-layout-2\">\n\t<div class=\"service-wrapper\">\n\t\t<div class=\"service-icon-title-wrapper clearfix\">\n\t\t\t\t\t\t<div class=\"service-icon-wrap\"><i class=\"fa fa-graduation-cap\"><\/i><\/div>\n\t\t\t\t\t\t\t\t\t\t\t\t<h3 class=\"service-title-wrap\">\n\t\t\t\t4. FORMACI\u00d3N\t\t\t\t\t\t\t<\/h3>\n\t\t\t\t\t<\/div>\n\t\t\t\t<div class=\"service-content-wrap\">Organizaranse seminarios en li\u00f1a para dotar aos participantes de ferramentas e recursos formativos para a s\u00faa inserci\u00f3n laboral. Entre moitos temas figurar\u00e1n fomentar ou estimular a creatividade e innovaci\u00f3n, ciberseguridade, marca persoal, t\u00e9cnicas para entrevistas de traballo, inform\u00e1tica b\u00e1sica, comunicaci\u00f3n e oratoria, copywriting ou ferramentas na nube.<\/div>\n\t\t\t\t\t<\/div>\n<\/div>\n<\/div><\/div><\/div><\/div><div id=\"pg-229-8\"  class=\"panel-grid panel-has-style\" ><div class=\"siteorigin-panels-stretch panel-row-style panel-row-style-for-229-8\" data-stretch-type=\"full\" ><div id=\"pgc-229-8-0\"  class=\"panel-grid-cell\" ><div id=\"panel-229-8-0-0\" class=\"so-panel widget widget_themegrill_flash_service tg-widget tg-single-service panel-first-child panel-last-child\" data-index=\"14\" >\n<div class=\"tg-service-widget tg-service-layout-2\">\n\t<div class=\"service-wrapper\">\n\t\t<div class=\"service-icon-title-wrapper clearfix\">\n\t\t\t\t\t\t<div class=\"service-icon-wrap\"><i class=\"fa fa-bandcamp\"><\/i><\/div>\n\t\t\t\t\t\t\t\t\t\t\t\t<h3 class=\"service-title-wrap\">\n\t\t\t\t5. ORIENTACI\u00d3N LABORAL\t\t\t\t\t\t\t<\/h3>\n\t\t\t\t\t<\/div>\n\t\t\t\t<div class=\"service-content-wrap\">Levar\u00e1nse a cabo durante todo o proxecto entrevistas de orientaci\u00f3n, para recabar informaci\u00f3n e asesorar ao participante, mediante sesi\u00f3ns individualizadas para avaliar a actitude de cada un dos participantes e traballar as cuesti\u00f3ns que melloren a s\u00faa empregabilidade. Adem\u00e1is o equipo t\u00e9cnico do programa ter\u00e1 tutor\u00edas peri\u00f3dicas para ver o seu progreso.<\/div>\n\t\t\t\t\t<\/div>\n<\/div>\n<\/div><\/div><div id=\"pgc-229-8-1\"  class=\"panel-grid-cell\" ><div id=\"panel-229-8-1-0\" class=\"so-panel widget widget_themegrill_flash_service tg-widget tg-single-service panel-first-child panel-last-child\" data-index=\"15\" >\n<div class=\"tg-service-widget tg-service-layout-2\">\n\t<div class=\"service-wrapper\">\n\t\t<div class=\"service-icon-title-wrapper clearfix\">\n\t\t\t\t\t\t<div class=\"service-icon-wrap\"><i class=\"fa fa-rocket\"><\/i><\/div>\n\t\t\t\t\t\t\t\t\t\t\t\t<h3 class=\"service-title-wrap\">\n\t\t\t\t6. INTERMEDIACI\u00d3N LABORAL\t\t\t\t\t\t\t<\/h3>\n\t\t\t\t\t<\/div>\n\t\t\t\t<div class=\"service-content-wrap\">Contactarase con empresas da zona que acheguen oportunidades de emprego. Prospecci\u00f3n laboral en xacementos de emprego. Xesti\u00f3n de ofertas de emprego de empresas colaboradoras mediante un bolet\u00edn semanal. Publicaci\u00f3n de ofertas de diferentes fontes de recrutamento. <\/div>\n\t\t\t\t\t<\/div>\n<\/div>\n<\/div><\/div><div id=\"pgc-229-8-2\"  class=\"panel-grid-cell\" ><div id=\"panel-229-8-2-0\" class=\"so-panel widget widget_themegrill_flash_service tg-widget tg-single-service panel-first-child panel-last-child\" data-index=\"16\" >\n<div class=\"tg-service-widget tg-service-layout-2\">\n\t<div class=\"service-wrapper\">\n\t\t<div class=\"service-icon-title-wrapper clearfix\">\n\t\t\t\t\t\t<div class=\"service-icon-wrap\"><i class=\"fa fa-smile-o\"><\/i><\/div>\n\t\t\t\t\t\t\t\t\t\t\t\t<h3 class=\"service-title-wrap\">\n\t\t\t\t7. MENTORING PARA INICIATIVAS EMPRENDEDORAS\t\t\t\t\t\t\t<\/h3>\n\t\t\t\t\t<\/div>\n\t\t\t\t<div class=\"service-content-wrap\">Ofrecerase acompa\u00f1amento a todas as persoas participantes que te\u00f1an una idea de negocio na configuraci\u00f3n do plan de empresa e todo o proceso de creaci\u00f3n.<\/div>\n\t\t\t\t\t<\/div>\n<\/div>\n<\/div><\/div><div id=\"pgc-229-8-3\"  class=\"panel-grid-cell\" ><div id=\"panel-229-8-3-0\" class=\"so-panel widget widget_themegrill_flash_service tg-widget tg-single-service panel-first-child panel-last-child\" data-index=\"17\" >\n<div class=\"tg-service-widget tg-service-layout-2\">\n\t<div class=\"service-wrapper\">\n\t\t<div class=\"service-icon-title-wrapper clearfix\">\n\t\t\t\t\t\t<div class=\"service-icon-wrap\"><i class=\"fa fa-flag-checkered\"><\/i><\/div>\n\t\t\t\t\t\t\t\t\t\t\t\t<h3 class=\"service-title-wrap\">\n\t\t\t\t8. AVALIACI\u00d3N E PECHE DO PROXECTO\t\t\t\t\t\t\t<\/h3>\n\t\t\t\t\t<\/div>\n\t\t\t\t<div class=\"service-content-wrap\">Realizarase un informe de avaliaci\u00f3n de calidade do proxecto que ter\u00e1 en conta as diferentes enquisas das persoas participantes e as opini\u00f3ns dos\/as t\u00e9cnicos\/as, docentes do proxecto. As\u00ed mesmo, realizarase unha xornada de peche do proxecto, coa participaci\u00f3n dos\/as beneficiarios\/as do Plan, dos\/as docentes e invitarase a empresas, onde se entregar\u00e1n os diplomas.<\/div>\n\t\t\t\t\t<\/div>\n<\/div>\n<\/div><\/div><\/div><\/div><div id=\"pg-229-9\"  class=\"panel-grid panel-has-style\" ><div class=\"panel-row-style panel-row-style-for-229-9\" ><div id=\"pgc-229-9-0\"  class=\"panel-grid-cell\" ><div id=\"panel-229-9-0-0\" class=\"so-panel widget widget_themegrill_flash_heading tg-widget section-title-wrapper panel-first-child\" data-index=\"18\" >\t<h3 class=\"section-title\">CONTIDOS DA ACCI\u00d3N FORMATIVA<\/h3>\n\t<div class=\"section-description\">Os contidos organ\u00edzanse en 5 bloques tem\u00e1ticos, o que implica 14 m\u00f3dulos a impartir, seg\u00fan o seguinte esquema<\/div>\n<\/div><div id=\"panel-229-9-0-1\" class=\"so-panel widget widget_text panel-last-child\" data-index=\"19\" >\t\t\t<div class=\"textwidget\"><table style=\"height: 1003px;\" width=\"1297\">\n<tbody>\n<tr>\n<td width=\"143\"><strong>BLOQUE TEM\u00c1TICO<\/strong><\/td>\n<td width=\"423\"><strong>M\u00d3DULO FORMATIVO<\/strong><\/td>\n<\/tr>\n<tr>\n<td rowspan=\"3\" width=\"143\"><strong>1.- Habilidades e Competencias Persoais<\/strong><\/td>\n<td width=\"423\">1.-Ferramentas para a b\u00fasqueda de emprego<\/td>\n<\/tr>\n<tr>\n<td width=\"423\">2.-Comunicaci\u00f3n e Oratoria<\/td>\n<\/tr>\n<tr>\n<td width=\"423\">3.- Creatividad e Innovaci\u00f3n<\/td>\n<\/tr>\n<tr>\n<td rowspan=\"2\" width=\"143\"><strong>2.- Mercado Laboral <\/strong><\/td>\n<td width=\"423\">4.- Demanda de emprego: inscripci\u00f3n, requisitos y ventaxas-<\/td>\n<\/tr>\n<tr>\n<td width=\"423\">5.- Pol\u00edticas de contrataci\u00f3n do actual mercado laboral-<\/td>\n<\/tr>\n<tr>\n<td rowspan=\"2\" width=\"143\"><strong>3.- Instrumento, t\u00e9cnicas e estratexias para a Procura de Emprego<\/strong><\/td>\n<td width=\"423\">6.-Marca Persoal: construir e potenciar<\/td>\n<\/tr>\n<tr>\n<td width=\"423\">7.-Simulaci\u00f3ns de Entrevistas de Traballo<\/td>\n<\/tr>\n<tr>\n<td width=\"143\"><strong>4. &#8211; Creaci\u00f3n de empresa <\/strong><\/td>\n<td width=\"423\">8. \u2013Modelo de negocio e plan empresarial<\/p>\n<p>9. \u2013 Copywriting, o poder das palabras<\/td>\n<\/tr>\n<tr>\n<td width=\"143\"><strong>5.- Habilidades Persoais <\/strong><\/td>\n<td width=\"423\">10.- Control emocional<\/td>\n<\/tr>\n<tr>\n<td width=\"143\"><strong>6.- Inform\u00e1tica e Internet<\/strong><\/td>\n<td width=\"423\">11.- Inform\u00e1tica B\u00e1sica<\/p>\n<p>12.-Ferramentas na nube<\/p>\n<p>13. \u2013Ciberseguridade<\/td>\n<\/tr>\n<tr>\n<td width=\"143\"><strong>7.- Prevenci\u00f3n de Riscos Laborais<\/strong><\/td>\n<td width=\"423\">14.- Curso B\u00e1sico de PRL<\/td>\n<\/tr>\n<\/tbody>\n<\/table>\n<h2 align=\"center\"><strong><a href=\"https:\/\/chave.cec.es\/wp-content\/uploads\/2020\/09\/dipticoPlanLaboral2020.pdf\" target=\"_blank\" rel=\"noopener\">Descargar D\u00edptico 2020<\/a><\/strong><\/h2>\n<\/div>\n\t\t<\/div><\/div><\/div><\/div><div id=\"pg-229-10\"  class=\"panel-grid panel-no-style\" ><div id=\"pgc-229-10-0\"  class=\"panel-grid-cell\" ><div id=\"panel-229-10-0-0\" class=\"so-panel widget widget_themegrill_flash_cta tg-widget call-to-action-section panel-first-child\" data-index=\"20\" ><div class=\"panel-widget-style panel-widget-style-for-229-10-0-0\" ><div class=\"cta-wrapper \">\n\t<div class=\"section-title-wrapper\">\n\t\t\t\t<h3 class=\"section-title\">EST\u00c1S SEN EMPREGO OU NECESITAS ORIENTACI\u00d3N?<\/h3>\n\t\t\t<\/div>\n\t\t<div class=\"btn-wrapper\">\n\t\t\t\t<a class=\"btn\" href=\"\/index.php\/contactar\/\">Axud\u00e1mosche gratis!<\/a>\n\t\t\t\t\t<\/div>\n\t<\/div>\n<\/div><\/div><div id=\"panel-229-10-0-1\" class=\"so-panel widget widget_themegrill_flash_heading tg-widget section-title-wrapper\" data-index=\"21\" >\t<h3 class=\"section-title\">FINANCIADO POR<\/h3>\n<\/div><div id=\"panel-229-10-0-2\" class=\"so-panel widget widget_themegrill_flash_image tg-widget tg-image-widget panel-last-child\" data-index=\"22\" ><div class=\"panel-widget-style panel-widget-style-for-229-10-0-2\" >\t<a href=\"http:\/\/www.coruna.gal\/portal\/es?argIdioma=es\"><img decoding=\"async\" src=\"https:\/\/chave.cec.es\/wp-content\/uploads\/2020\/09\/logotipoAyuntamientoCoruna2020.png\" \/><\/a>\n<\/div><\/div><\/div><\/div><\/div>","protected":false},"excerpt":{"rendered":"<p>Debido ao \u00e9xito acadado nas pasadas edici\u00f3ns do Plan Laboral CEC Coru\u00f1a, onde analizamos o mercado laboral da Coru\u00f1a, identificando [&hellip;]<\/p>\n","protected":false},"author":1,"featured_media":0,"parent":0,"menu_order":0,"comment_status":"closed","ping_status":"closed","template":"page-templates\/pagebuilder.php","meta":{"footnotes":""},"class_list":["post-229","page","type-page","status-publish","hentry"],"_links":{"self":[{"href":"https:\/\/chave.cec.es\/index.php\/wp-json\/wp\/v2\/pages\/229","targetHints":{"allow":["GET"]}}],"collection":[{"href":"https:\/\/chave.cec.es\/index.php\/wp-json\/wp\/v2\/pages"}],"about":[{"href":"https:\/\/chave.cec.es\/index.php\/wp-json\/wp\/v2\/types\/page"}],"author":[{"embeddable":true,"href":"https:\/\/chave.cec.es\/index.php\/wp-json\/wp\/v2\/users\/1"}],"replies":[{"embeddable":true,"href":"https:\/\/chave.cec.es\/index.php\/wp-json\/wp\/v2\/comments?post=229"}],"version-history":[{"count":155,"href":"https:\/\/chave.cec.es\/index.php\/wp-json\/wp\/v2\/pages\/229\/revisions"}],"predecessor-version":[{"id":1549,"href":"https:\/\/chave.cec.es\/index.php\/wp-json\/wp\/v2\/pages\/229\/revisions\/1549"}],"wp:attachment":[{"href":"https:\/\/chave.cec.es\/index.php\/wp-json\/wp\/v2\/media?parent=229"}],"curies":[{"name":"wp","href":"https:\/\/api.w.org\/{rel}","templated":true}]}}