{"id":1922,"date":"2025-04-21T14:00:48","date_gmt":"2025-04-21T14:00:48","guid":{"rendered":"https:\/\/chave.cec.es\/?page_id=1922"},"modified":"2025-04-22T10:25:08","modified_gmt":"2025-04-22T10:25:08","slug":"identidade-corporativa-2025","status":"publish","type":"page","link":"https:\/\/chave.cec.es\/index.php\/identidade-corporativa-2025\/","title":{"rendered":"Identidade corporativa 2025"},"content":{"rendered":"<div id=\"pl-1922\"  class=\"panel-layout\" ><div id=\"pg-1922-0\"  class=\"panel-grid panel-has-style\" ><div class=\"panel-row-style panel-row-style-for-1922-0\" ><div id=\"pgc-1922-0-0\"  class=\"panel-grid-cell\" ><div id=\"panel-1922-0-0-0\" class=\"so-panel widget widget_text panel-first-child\" data-index=\"0\" >\t\t\t<div class=\"textwidget\"><p>O dese\u00f1o do proxecto ti\u00f1a que reflectir claramente a comarca da Coru\u00f1a.<\/p>\n<p>A imaxe corporativa div\u00eddese en d\u00faas partes:<\/p>\n<ul>\n<li>Montaxe fotogr\u00e1fica<\/li>\n<li>T\u00edtulo e slogan<\/li>\n<\/ul>\n<\/div>\n\t\t<\/div><div id=\"panel-1922-0-0-1\" class=\"so-panel widget widget_themegrill_flash_heading tg-widget section-title-wrapper\" data-index=\"1\" >\t<h3 class=\"section-title\">MONTAXE FOTOGR\u00c1FICA<\/h3>\n<\/div><div id=\"panel-1922-0-0-2\" class=\"so-panel widget widget_text\" data-index=\"2\" >\t\t\t<div class=\"textwidget\"><p>Este proxecto est\u00e1 orientado a persoas da comarca da Coru\u00f1a. Para a montaxe fotogr\u00e1fica a diferenza de edici\u00f3ns anteriores que usamos a Torre de H\u00e9rcules como monumento hist\u00f3rico e emblem\u00e1tico para representar a cidade, este reflicte o<strong> traballo colaborativo e a diversidade<\/strong> que foron fundamentais no \u00e9xito da nosa iniciativa.<\/p>\n<p class=\"\" data-start=\"123\" data-end=\"498\">Esta imaxe representa a filosof\u00eda do Plan Laboral CEC Coru\u00f1a 2025, onde o traballo en equipo, a inclusi\u00f3n e a preparaci\u00f3n pr\u00e1ctica son os piares fundamentais. A escena mostra a un grupo diverso de persoas colaborando activamente arredor dunha mesa de traballo, nun contorno profesional moderno e din\u00e1mico, que simboliza o \u00e9xito do acompa\u00f1amento formativo ofrecido no proxecto.<\/p>\n<p class=\"\" data-start=\"500\" data-end=\"828\">A disposici\u00f3n das persoas, todas centradas nun obxectivo com\u00fan, reflicte a importancia da cooperaci\u00f3n e da intelixencia colectiva como motores da empregabilidade. A s\u00faa expresi\u00f3n concentrada e implicada transmite motivaci\u00f3n, interese e unha actitude resolutiva: caracter\u00edsticas que buscamos fomentar en cada edici\u00f3n do programa.<\/p>\n<p class=\"\" data-start=\"830\" data-end=\"1206\">Os elementos gr\u00e1ficos superpostos, como os nodos e conexi\u00f3ns dixitais, suxiren a construci\u00f3n dunha rede de oportunidades, saberes compartidos e relaci\u00f3ns profesionais que se xeran ao longo do itinerario formativo. Estes detalles visuais ilustran como o Plan act\u00faa como ponte entre a formaci\u00f3n e o mercado laboral, activando os recursos e capacidades das persoas participantes.<\/p>\n<p class=\"\" data-start=\"1208\" data-end=\"1383\">En conxunto, a imaxe encapsula unha mensaxe clara: a preparaci\u00f3n adecuada, combinada coa colaboraci\u00f3n e a diversidade, \u00e9 clave para unha integraci\u00f3n laboral s\u00f3lida e sostible.<\/p>\n<p><img loading=\"lazy\" decoding=\"async\" class=\"aligncenter size-full wp-image-1960\" src=\"https:\/\/chave.cec.es\/wp-content\/uploads\/2025\/04\/imagen-corporativa-2025.jpg\" alt=\"Plan Laboral CEC Coru\u00f1a 2025\" width=\"771\" height=\"514\" srcset=\"https:\/\/chave.cec.es\/wp-content\/uploads\/2025\/04\/imagen-corporativa-2025.jpg 771w, https:\/\/chave.cec.es\/wp-content\/uploads\/2025\/04\/imagen-corporativa-2025-300x200.jpg 300w, https:\/\/chave.cec.es\/wp-content\/uploads\/2025\/04\/imagen-corporativa-2025-768x512.jpg 768w\" sizes=\"auto, (max-width: 771px) 100vw, 771px\" \/><\/p>\n<\/div>\n\t\t<\/div><div id=\"panel-1922-0-0-3\" class=\"so-panel widget widget_themegrill_flash_heading tg-widget section-title-wrapper\" data-index=\"3\" ><div class=\"panel-widget-style panel-widget-style-for-1922-0-0-3\" >\t<h3 class=\"section-title\">T\u00cdTULO E SLOGAN<\/h3>\n<\/div><\/div><div id=\"panel-1922-0-0-4\" class=\"so-panel widget widget_text panel-last-child\" data-index=\"4\" >\t\t\t<div class=\"textwidget\"><p>Por que o t\u00edtulo \u201c<strong>KEY MOMENT<\/strong>\u201d? Porque na actualidade o p\u00fablico novo m\u00f3vese nun entorno global a trav\u00e9s de Internet e as redes sociais, onde o idioma ingl\u00e9s \u00e9 un referente e soe ser empregado habitualmente nestes entornos, as\u00ed que utilizar a s\u00faa linguaxe \u00e9 unha forma de conectar con eles, chamar a s\u00faa atenci\u00f3n e aumentar o impacto da campa\u00f1a. O significado \u00e9 \u201cMomento clave\u201d, xa que con estas idades est\u00e1n nunha situaci\u00f3n crucial para decidir cal vai ser o seu cami\u00f1o profesional.<\/p>\n<p>Por\u00e9n, tam\u00e9n quixemos darlle importancia a nosa lingua c\u00f3 slogan \u201c<strong>A chave do teu futuro<\/strong>\u201d en galego para non esquecer a ligaz\u00f3n coa nosa terra e expresar que con este proxecto dar\u00e9moslles un impulso para construir unha marca persoal s\u00f3lida, onde mostrar os seus puntos m\u00e1is fortes e que poidan optar a todo un abanico de posibilidades laborais.<\/p>\n<p><img loading=\"lazy\" decoding=\"async\" class=\"aligncenter size-full wp-image-1179\" src=\"https:\/\/chave.cec.es\/wp-content\/uploads\/2019\/09\/keymoment.jpg\" alt=\"T\u00cdTULO E SLOGAN\" width=\"885\" height=\"313\" srcset=\"https:\/\/chave.cec.es\/wp-content\/uploads\/2019\/09\/keymoment.jpg 885w, https:\/\/chave.cec.es\/wp-content\/uploads\/2019\/09\/keymoment-300x106.jpg 300w, https:\/\/chave.cec.es\/wp-content\/uploads\/2019\/09\/keymoment-768x272.jpg 768w\" sizes=\"auto, (max-width: 885px) 100vw, 885px\" \/><\/p>\n<\/div>\n\t\t<\/div><\/div><\/div><\/div><\/div>","protected":false},"excerpt":{"rendered":"<p>O dese\u00f1o do proxecto ti\u00f1a que reflectir claramente a comarca da Coru\u00f1a. A imaxe corporativa div\u00eddese en d\u00faas partes: Montaxe [&hellip;]<\/p>\n","protected":false},"author":1,"featured_media":0,"parent":0,"menu_order":0,"comment_status":"closed","ping_status":"closed","template":"page-templates\/full-width.php","meta":{"footnotes":""},"class_list":["post-1922","page","type-page","status-publish","hentry"],"_links":{"self":[{"href":"https:\/\/chave.cec.es\/index.php\/wp-json\/wp\/v2\/pages\/1922","targetHints":{"allow":["GET"]}}],"collection":[{"href":"https:\/\/chave.cec.es\/index.php\/wp-json\/wp\/v2\/pages"}],"about":[{"href":"https:\/\/chave.cec.es\/index.php\/wp-json\/wp\/v2\/types\/page"}],"author":[{"embeddable":true,"href":"https:\/\/chave.cec.es\/index.php\/wp-json\/wp\/v2\/users\/1"}],"replies":[{"embeddable":true,"href":"https:\/\/chave.cec.es\/index.php\/wp-json\/wp\/v2\/comments?post=1922"}],"version-history":[{"count":7,"href":"https:\/\/chave.cec.es\/index.php\/wp-json\/wp\/v2\/pages\/1922\/revisions"}],"predecessor-version":[{"id":1925,"href":"https:\/\/chave.cec.es\/index.php\/wp-json\/wp\/v2\/pages\/1922\/revisions\/1925"}],"wp:attachment":[{"href":"https:\/\/chave.cec.es\/index.php\/wp-json\/wp\/v2\/media?parent=1922"}],"curies":[{"name":"wp","href":"https:\/\/api.w.org\/{rel}","templated":true}]}}