{"id":1906,"date":"2025-04-21T13:42:16","date_gmt":"2025-04-21T13:42:16","guid":{"rendered":"https:\/\/chave.cec.es\/?page_id=1906"},"modified":"2025-04-22T10:32:46","modified_gmt":"2025-04-22T10:32:46","slug":"seleccion-2025","status":"publish","type":"page","link":"https:\/\/chave.cec.es\/index.php\/seleccion-2025\/","title":{"rendered":"SELECCI\u00d3N 2025"},"content":{"rendered":"<div id=\"pl-1906\"  class=\"panel-layout\" ><div id=\"pg-1906-0\"  class=\"panel-grid panel-no-style\" ><div id=\"pgc-1906-0-0\"  class=\"panel-grid-cell\" ><div id=\"panel-1906-0-0-0\" class=\"widget_text so-panel widget widget_custom_html panel-first-child panel-last-child\" data-index=\"0\" ><div class=\"textwidget custom-html-widget\">Para a captaci\u00f3n de candidatos\/as e a difusi\u00f3n do Plan Laboral CEC Coru\u00f1a 2025, levarase a cabo unha campa\u00f1a de comunicaci\u00f3n espec\u00edfica. Esta campa\u00f1a estar\u00e1 presente na p\u00e1xina web do proxecto, en diversos materiais promocionais e en diferentes medios de comunicaci\u00f3n, todo iso en coordinaci\u00f3n co Concello da Coru\u00f1a, garantindo unha difusi\u00f3n efectiva e ali\u00f1ada cos obxectivos do programa.\n\n<img loading=\"lazy\" decoding=\"async\" class=\"aligncenter size-full wp-image-1058\" src=\"https:\/\/chave.cec.es\/wp-content\/uploads\/2018\/09\/seleccion.jpg\" alt=\"\" width=\"1047\" height=\"410\" srcset=\"https:\/\/chave.cec.es\/wp-content\/uploads\/2018\/09\/seleccion.jpg 1047w, https:\/\/chave.cec.es\/wp-content\/uploads\/2018\/09\/seleccion-300x117.jpg 300w, https:\/\/chave.cec.es\/wp-content\/uploads\/2018\/09\/seleccion-768x301.jpg 768w, https:\/\/chave.cec.es\/wp-content\/uploads\/2018\/09\/seleccion-1024x401.jpg 1024w\" sizes=\"auto, (max-width: 1047px) 100vw, 1047px\" \/>\n\nUnha vez rematada a fase de captaci\u00f3n, iniciarase o proceso de selecci\u00f3n das persoas participantes. Este ser\u00e1 levado a cabo por un equipo de profesionais con ampla experiencia e formaci\u00f3n multidisciplinar, que realizar\u00e1 entrevistas individualizadas seguindo criterios homox\u00e9neos e documentados. Todo o proceso desenvolverase baixo os principios de transparencia, equidade e obxectividade, co obxectivo de conformar o grupo definitivo de persoas beneficiarias do proxecto.\n\nNa selecci\u00f3n valoraranse especialmente aspectos como o interese real por acceder ao mercado laboral, o grao de motivaci\u00f3n e compromiso, a actitude proactiva e positiva, as\u00ed como as habilidades persoais e profesionais das persoas candidatas. O obxectivo prioritario ser\u00e1 garantir que as persoas seleccionadas conten co potencial necesario para lograr a s\u00faa inserci\u00f3n laboral.<\/div><\/div><\/div><\/div><\/div>","protected":false},"excerpt":{"rendered":"<p>Para a captaci\u00f3n de candidatos\/as e a difusi\u00f3n do Plan Laboral CEC Coru\u00f1a 2025, levarase a cabo unha campa\u00f1a de [&hellip;]<\/p>\n","protected":false},"author":1,"featured_media":0,"parent":0,"menu_order":0,"comment_status":"closed","ping_status":"closed","template":"page-templates\/full-width.php","meta":{"footnotes":""},"class_list":["post-1906","page","type-page","status-publish","hentry"],"_links":{"self":[{"href":"https:\/\/chave.cec.es\/index.php\/wp-json\/wp\/v2\/pages\/1906","targetHints":{"allow":["GET"]}}],"collection":[{"href":"https:\/\/chave.cec.es\/index.php\/wp-json\/wp\/v2\/pages"}],"about":[{"href":"https:\/\/chave.cec.es\/index.php\/wp-json\/wp\/v2\/types\/page"}],"author":[{"embeddable":true,"href":"https:\/\/chave.cec.es\/index.php\/wp-json\/wp\/v2\/users\/1"}],"replies":[{"embeddable":true,"href":"https:\/\/chave.cec.es\/index.php\/wp-json\/wp\/v2\/comments?post=1906"}],"version-history":[{"count":3,"href":"https:\/\/chave.cec.es\/index.php\/wp-json\/wp\/v2\/pages\/1906\/revisions"}],"predecessor-version":[{"id":1910,"href":"https:\/\/chave.cec.es\/index.php\/wp-json\/wp\/v2\/pages\/1906\/revisions\/1910"}],"wp:attachment":[{"href":"https:\/\/chave.cec.es\/index.php\/wp-json\/wp\/v2\/media?parent=1906"}],"curies":[{"name":"wp","href":"https:\/\/api.w.org\/{rel}","templated":true}]}}