{"id":1904,"date":"2025-04-21T13:42:06","date_gmt":"2025-04-21T13:42:06","guid":{"rendered":"https:\/\/chave.cec.es\/?page_id=1904"},"modified":"2025-04-22T10:19:31","modified_gmt":"2025-04-22T10:19:31","slug":"insercion-2025","status":"publish","type":"page","link":"https:\/\/chave.cec.es\/index.php\/insercion-2025\/","title":{"rendered":"INSERCI\u00d3N 2025"},"content":{"rendered":"<div id=\"pl-1904\"  class=\"panel-layout\" ><div id=\"pg-1904-0\"  class=\"panel-grid panel-no-style\" ><div id=\"pgc-1904-0-0\"  class=\"panel-grid-cell\" ><div id=\"panel-1904-0-0-0\" class=\"widget_text so-panel widget widget_custom_html panel-first-child panel-last-child\" data-index=\"0\" ><div class=\"textwidget custom-html-widget\">Un dos principais obxectivos do Plan Laboral CEC Coru\u00f1a 2025 \u00e9 facilitar a inserci\u00f3n laboral das persoas participantes, as\u00ed como mellorar os seus niveis de empregabilidade. Ao longo de todo o proxecto, as persoas beneficiarias contar\u00e1n cun seguimento individualizado e cun traballo sistematizado por parte do equipo t\u00e9cnico, mediante entrevistas de orientaci\u00f3n laboral orientadas a recoller informaci\u00f3n relevante e a ofrecer asesoramento t\u00e9cnico especializado.\n\n<img loading=\"lazy\" decoding=\"async\" class=\"aligncenter size-full wp-image-1057\" src=\"https:\/\/chave.cec.es\/wp-content\/uploads\/2018\/09\/insercionLaboral.jpg\" alt=\"\" width=\"1047\" height=\"410\" srcset=\"https:\/\/chave.cec.es\/wp-content\/uploads\/2018\/09\/insercionLaboral.jpg 1047w, https:\/\/chave.cec.es\/wp-content\/uploads\/2018\/09\/insercionLaboral-300x117.jpg 300w, https:\/\/chave.cec.es\/wp-content\/uploads\/2018\/09\/insercionLaboral-768x301.jpg 768w, https:\/\/chave.cec.es\/wp-content\/uploads\/2018\/09\/insercionLaboral-1024x401.jpg 1024w\" sizes=\"auto, (max-width: 1047px) 100vw, 1047px\" \/>\n\nAdemais, para aquelas iniciativas emprendedoras que poidan xurdir durante o desenvolvemento do programa, o Plan prev\u00e9 o acompa\u00f1amento por parte dun\/dunha mentor\/a durante un per\u00edodo determinado. Este apoio ten como finalidade afianzar o \u00e9xito do proxecto emprendedor nas s\u00faas etapas iniciais e de crecemento, abordando aspectos clave como o financiamento, a tramitaci\u00f3n administrativa, a elecci\u00f3n da forma xur\u00eddica, o acceso a subvenci\u00f3ns e axudas p\u00fablicas, e a elaboraci\u00f3n do plan de empresa.<\/div><\/div><\/div><\/div><\/div>","protected":false},"excerpt":{"rendered":"<p>Un dos principais obxectivos do Plan Laboral CEC Coru\u00f1a 2025 \u00e9 facilitar a inserci\u00f3n laboral das persoas participantes, as\u00ed como [&hellip;]<\/p>\n","protected":false},"author":1,"featured_media":0,"parent":0,"menu_order":0,"comment_status":"closed","ping_status":"closed","template":"page-templates\/full-width.php","meta":{"footnotes":""},"class_list":["post-1904","page","type-page","status-publish","hentry"],"_links":{"self":[{"href":"https:\/\/chave.cec.es\/index.php\/wp-json\/wp\/v2\/pages\/1904","targetHints":{"allow":["GET"]}}],"collection":[{"href":"https:\/\/chave.cec.es\/index.php\/wp-json\/wp\/v2\/pages"}],"about":[{"href":"https:\/\/chave.cec.es\/index.php\/wp-json\/wp\/v2\/types\/page"}],"author":[{"embeddable":true,"href":"https:\/\/chave.cec.es\/index.php\/wp-json\/wp\/v2\/users\/1"}],"replies":[{"embeddable":true,"href":"https:\/\/chave.cec.es\/index.php\/wp-json\/wp\/v2\/comments?post=1904"}],"version-history":[{"count":3,"href":"https:\/\/chave.cec.es\/index.php\/wp-json\/wp\/v2\/pages\/1904\/revisions"}],"predecessor-version":[{"id":1911,"href":"https:\/\/chave.cec.es\/index.php\/wp-json\/wp\/v2\/pages\/1904\/revisions\/1911"}],"wp:attachment":[{"href":"https:\/\/chave.cec.es\/index.php\/wp-json\/wp\/v2\/media?parent=1904"}],"curies":[{"name":"wp","href":"https:\/\/api.w.org\/{rel}","templated":true}]}}