{"id":1894,"date":"2025-04-21T13:36:49","date_gmt":"2025-04-21T13:36:49","guid":{"rendered":"https:\/\/chave.cec.es\/?page_id=1894"},"modified":"2025-04-22T10:19:19","modified_gmt":"2025-04-22T10:19:19","slug":"formacion-2025","status":"publish","type":"page","link":"https:\/\/chave.cec.es\/index.php\/formacion-2025\/","title":{"rendered":"FORMACI\u00d3N 2025"},"content":{"rendered":"<div id=\"pl-1894\"  class=\"panel-layout\" ><div id=\"pg-1894-0\"  class=\"panel-grid panel-no-style\" ><div id=\"pgc-1894-0-0\"  class=\"panel-grid-cell\" ><div id=\"panel-1894-0-0-0\" class=\"so-panel widget widget_text panel-first-child\" data-index=\"0\" >\t\t\t<div class=\"textwidget\"><p class=\"\" data-start=\"357\" data-end=\"795\">Para as persoas participantes seleccionadas, procederase ao dese\u00f1o do seu perfil profesional mediante un diagn\u00f3stico inicial que permita identificar as s\u00faas necesidades formativas e preferencias laborais.<\/p>\n<\/div>\n\t\t<\/div><div id=\"panel-1894-0-0-1\" class=\"widget_text so-panel widget widget_custom_html\" data-index=\"1\" ><div class=\"textwidget custom-html-widget\"><img loading=\"lazy\" decoding=\"async\" width=\"1047\" height=\"410\" src=\"https:\/\/chave.cec.es\/wp-content\/uploads\/2018\/09\/formacion.jpg\" alt=\"\" class=\"wp-image-1056\" srcset=\"https:\/\/chave.cec.es\/wp-content\/uploads\/2018\/09\/formacion.jpg 1047w, https:\/\/chave.cec.es\/wp-content\/uploads\/2018\/09\/formacion-300x117.jpg 300w, https:\/\/chave.cec.es\/wp-content\/uploads\/2018\/09\/formacion-768x301.jpg 768w, https:\/\/chave.cec.es\/wp-content\/uploads\/2018\/09\/formacion-1024x401.jpg 1024w\" sizes=\"auto, (max-width: 1047px) 100vw, 1047px\" \/><\/div><\/div><div id=\"panel-1894-0-0-2\" class=\"so-panel widget widget_text panel-last-child\" data-index=\"2\" >\t\t\t<div class=\"textwidget\"><p class=\"\" data-start=\"357\" data-end=\"795\">Tendo en conta a constante evoluci\u00f3n do mercado laboral en todas as s\u00faas vertentes, o Plan Laboral CEC Coru\u00f1a 2025 incl\u00fae un conxunto de acci\u00f3ns formativas orientadas a dotar aos\/\u00e1s participantes das ferramentas necesarias para realizar unha procura de emprego eficaz. O obxectivo \u00e9 que cada persoa participante poida desenvolver ao m\u00e1ximo o seu potencial, tanto a nivel persoal como profesional, e acadar as metas e obxectivos propostos.<\/p>\n<p class=\"\" data-start=\"797\" data-end=\"1006\">Para iso, o plan incorpora diversos recursos e actividades formativas enfocadas \u00e1 inserci\u00f3n laboral, que se ofrecer\u00e1n tanto en modalidade presencial como en teleformaci\u00f3n. Entre os contidos previstos destacan:<\/p>\n<ul>\n<li>Define o teu obxectivo profesional<\/li>\n<li>Curr\u00edculum de impacto<\/li>\n<li>Procura de emprego 2.0<\/li>\n<li>Creaci\u00f3n dun portafolio en li\u00f1a<\/li>\n<li>Candidaturas espont\u00e1neas e networking<\/li>\n<li>Como superar unha entrevista de traballo<\/li>\n<li>Excel<\/li>\n<li>Ingl\u00e9s nivel B1<\/li>\n<li>Igualdade<\/li>\n<li>Acreditaci\u00f3n docente para a teleformaci\u00f3n<\/li>\n<\/ul>\n<\/div>\n\t\t<\/div><\/div><\/div><\/div>","protected":false},"excerpt":{"rendered":"<p>Para as persoas participantes seleccionadas, procederase ao dese\u00f1o do seu perfil profesional mediante un diagn\u00f3stico inicial que permita identificar as [&hellip;]<\/p>\n","protected":false},"author":1,"featured_media":0,"parent":0,"menu_order":0,"comment_status":"closed","ping_status":"closed","template":"page-templates\/full-width.php","meta":{"footnotes":""},"class_list":["post-1894","page","type-page","status-publish","hentry"],"_links":{"self":[{"href":"https:\/\/chave.cec.es\/index.php\/wp-json\/wp\/v2\/pages\/1894","targetHints":{"allow":["GET"]}}],"collection":[{"href":"https:\/\/chave.cec.es\/index.php\/wp-json\/wp\/v2\/pages"}],"about":[{"href":"https:\/\/chave.cec.es\/index.php\/wp-json\/wp\/v2\/types\/page"}],"author":[{"embeddable":true,"href":"https:\/\/chave.cec.es\/index.php\/wp-json\/wp\/v2\/users\/1"}],"replies":[{"embeddable":true,"href":"https:\/\/chave.cec.es\/index.php\/wp-json\/wp\/v2\/comments?post=1894"}],"version-history":[{"count":9,"href":"https:\/\/chave.cec.es\/index.php\/wp-json\/wp\/v2\/pages\/1894\/revisions"}],"predecessor-version":[{"id":1903,"href":"https:\/\/chave.cec.es\/index.php\/wp-json\/wp\/v2\/pages\/1894\/revisions\/1903"}],"wp:attachment":[{"href":"https:\/\/chave.cec.es\/index.php\/wp-json\/wp\/v2\/media?parent=1894"}],"curies":[{"name":"wp","href":"https:\/\/api.w.org\/{rel}","templated":true}]}}