{"id":1865,"date":"2024-06-28T08:04:21","date_gmt":"2024-06-28T08:04:21","guid":{"rendered":"https:\/\/chave.cec.es\/?page_id=1865"},"modified":"2024-06-28T08:08:11","modified_gmt":"2024-06-28T08:08:11","slug":"identidade-corporativa-2024","status":"publish","type":"page","link":"https:\/\/chave.cec.es\/index.php\/identidade-corporativa-2024\/","title":{"rendered":"Identidade corporativa 2024"},"content":{"rendered":"<div id=\"pl-1865\"  class=\"panel-layout\" ><div id=\"pg-1865-0\"  class=\"panel-grid panel-has-style\" ><div class=\"panel-row-style panel-row-style-for-1865-0\" ><div id=\"pgc-1865-0-0\"  class=\"panel-grid-cell\" ><div id=\"panel-1865-0-0-0\" class=\"so-panel widget widget_text panel-first-child\" data-index=\"0\" >\t\t\t<div class=\"textwidget\"><p>O dese\u00f1o do proxecto ti\u00f1a que reflectir claramente a comarca da Coru\u00f1a.<\/p>\n<p>A imaxe corporativa div\u00eddese en d\u00faas partes:<\/p>\n<ul>\n<li>Montaxe fotogr\u00e1fica<\/li>\n<li>T\u00edtulo e slogan<\/li>\n<\/ul>\n<\/div>\n\t\t<\/div><div id=\"panel-1865-0-0-1\" class=\"so-panel widget widget_themegrill_flash_heading tg-widget section-title-wrapper\" data-index=\"1\" >\t<h3 class=\"section-title\">MONTAXE FOTOGR\u00c1FICA<\/h3>\n<\/div><div id=\"panel-1865-0-0-2\" class=\"so-panel widget widget_text\" data-index=\"2\" >\t\t\t<div class=\"textwidget\"><p>Este proxecto est\u00e1 orientado a persoas da comarca da Coru\u00f1a. Para a montaxe fotogr\u00e1fica a diferenza de edici\u00f3ns anteriores que usamos a Torre de H\u00e9rcules como monumento hist\u00f3rico e emblem\u00e1tico para representar a cidade, este reflicte o<strong> traballo colaborativo<\/strong> que foi fundamental no \u00e9xito da nosa iniciativa.<\/p>\n<p>Esta imaxe reflicte o noso firme compromiso coa colaboraci\u00f3n e a transparencia en cada etapa do noso proceso educativo. No centro da imaxe, obs\u00e9rvase a un grupo diverso de persoas interactuando e conversando nun entorno profesional, o que <strong>simboliza o resultado positivo da formaci\u00f3n recibida<\/strong>. Estas persoas, que parecen ter conclu\u00eddo a s\u00faa formaci\u00f3n, est\u00e1n <strong>preparadas para enfrontarse ao mercado laboral<\/strong>, dispostas a aproveitar ao m\u00e1ximo o talento e os co\u00f1ecementos adquiridos.<\/p>\n<p>No lado esquerdo da imaxe, destacan <strong>varios iconos que representan a empregabilidade laboral<\/strong>. Estes iconos conectan visualmente \u00e1s persoas da imaxe, <strong>simbolizando a rede de oportunidades e o intercambio de ideas que a nosa formaci\u00f3n fomenta<\/strong>. A imaxe transmite unha atmosfera de dinamismo e entusiasmo, destacando como a diversidade de talentos converxe cara a un prop\u00f3sito com\u00fan: ofrecer unha proposta educativa produtiva e ben estruturada que facilite a integraci\u00f3n no mercado laboral.<\/p>\n<p>A interacci\u00f3n e a diversidade visible na imaxe reforzan a idea de que a nosa formaci\u00f3n non s\u00f3 ensina, sen\u00f3n que tam\u00e9n <strong>prepara \u00e1s persoas participantes para integrarse de maneira exitosa e colaborativa no mercado laboral<\/strong>.<\/p>\n<p><img loading=\"lazy\" decoding=\"async\" class=\"aligncenter size-full wp-image-1866\" src=\"https:\/\/chave.cec.es\/wp-content\/uploads\/2024\/06\/pla.jpg\" alt=\"\" width=\"771\" height=\"514\" srcset=\"https:\/\/chave.cec.es\/wp-content\/uploads\/2024\/06\/pla.jpg 771w, https:\/\/chave.cec.es\/wp-content\/uploads\/2024\/06\/pla-300x200.jpg 300w, https:\/\/chave.cec.es\/wp-content\/uploads\/2024\/06\/pla-768x512.jpg 768w\" sizes=\"auto, (max-width: 771px) 100vw, 771px\" \/><\/p>\n<\/div>\n\t\t<\/div><div id=\"panel-1865-0-0-3\" class=\"so-panel widget widget_themegrill_flash_heading tg-widget section-title-wrapper\" data-index=\"3\" ><div class=\"panel-widget-style panel-widget-style-for-1865-0-0-3\" >\t<h3 class=\"section-title\">T\u00cdTULO E SLOGAN<\/h3>\n<\/div><\/div><div id=\"panel-1865-0-0-4\" class=\"so-panel widget widget_text panel-last-child\" data-index=\"4\" >\t\t\t<div class=\"textwidget\"><p>Por que o t\u00edtulo \u201c<strong>KEY MOMENT<\/strong>\u201d? Porque na actualidade o p\u00fablico novo m\u00f3vese nun entorno global a trav\u00e9s de Internet e as redes sociais, onde o idioma ingl\u00e9s \u00e9 un referente e soe ser empregado habitualmente nestes entornos, as\u00ed que utilizar a s\u00faa linguaxe \u00e9 unha forma de conectar con eles, chamar a s\u00faa atenci\u00f3n e aumentar o impacto da campa\u00f1a. O significado \u00e9 \u201cMomento clave\u201d, xa que con estas idades est\u00e1n nunha situaci\u00f3n crucial para decidir cal vai ser o seu cami\u00f1o profesional.<\/p>\n<p>Por\u00e9n, tam\u00e9n quixemos darlle importancia a nosa lingua c\u00f3 slogan \u201c<strong>A chave do teu futuro<\/strong>\u201d en galego para non esquecer a ligaz\u00f3n coa nosa terra e expresar que con este proxecto dar\u00e9moslles un impulso para construir unha marca persoal s\u00f3lida, onde mostrar os seus puntos m\u00e1is fortes e que poidan optar a todo un abanico de posibilidades laborais.<\/p>\n<p><img loading=\"lazy\" decoding=\"async\" class=\"aligncenter size-full wp-image-1179\" src=\"https:\/\/chave.cec.es\/wp-content\/uploads\/2019\/09\/keymoment.jpg\" alt=\"T\u00cdTULO E SLOGAN\" width=\"885\" height=\"313\" srcset=\"https:\/\/chave.cec.es\/wp-content\/uploads\/2019\/09\/keymoment.jpg 885w, https:\/\/chave.cec.es\/wp-content\/uploads\/2019\/09\/keymoment-300x106.jpg 300w, https:\/\/chave.cec.es\/wp-content\/uploads\/2019\/09\/keymoment-768x272.jpg 768w\" sizes=\"auto, (max-width: 885px) 100vw, 885px\" \/><\/p>\n<\/div>\n\t\t<\/div><\/div><\/div><\/div><\/div>","protected":false},"excerpt":{"rendered":"<p>O dese\u00f1o do proxecto ti\u00f1a que reflectir claramente a comarca da Coru\u00f1a. A imaxe corporativa div\u00eddese en d\u00faas partes: Montaxe [&hellip;]<\/p>\n","protected":false},"author":1,"featured_media":0,"parent":0,"menu_order":0,"comment_status":"closed","ping_status":"closed","template":"page-templates\/full-width.php","meta":{"footnotes":""},"class_list":["post-1865","page","type-page","status-publish","hentry"],"_links":{"self":[{"href":"https:\/\/chave.cec.es\/index.php\/wp-json\/wp\/v2\/pages\/1865","targetHints":{"allow":["GET"]}}],"collection":[{"href":"https:\/\/chave.cec.es\/index.php\/wp-json\/wp\/v2\/pages"}],"about":[{"href":"https:\/\/chave.cec.es\/index.php\/wp-json\/wp\/v2\/types\/page"}],"author":[{"embeddable":true,"href":"https:\/\/chave.cec.es\/index.php\/wp-json\/wp\/v2\/users\/1"}],"replies":[{"embeddable":true,"href":"https:\/\/chave.cec.es\/index.php\/wp-json\/wp\/v2\/comments?post=1865"}],"version-history":[{"count":5,"href":"https:\/\/chave.cec.es\/index.php\/wp-json\/wp\/v2\/pages\/1865\/revisions"}],"predecessor-version":[{"id":1869,"href":"https:\/\/chave.cec.es\/index.php\/wp-json\/wp\/v2\/pages\/1865\/revisions\/1869"}],"wp:attachment":[{"href":"https:\/\/chave.cec.es\/index.php\/wp-json\/wp\/v2\/media?parent=1865"}],"curies":[{"name":"wp","href":"https:\/\/api.w.org\/{rel}","templated":true}]}}