{"id":1804,"date":"2024-06-28T05:51:08","date_gmt":"2024-06-28T05:51:08","guid":{"rendered":"https:\/\/chave.cec.es\/?page_id=1804"},"modified":"2025-04-21T13:38:53","modified_gmt":"2025-04-21T13:38:53","slug":"formacion-2024","status":"publish","type":"page","link":"https:\/\/chave.cec.es\/index.php\/formacion-2024\/","title":{"rendered":"FORMACI\u00d3N 2024"},"content":{"rendered":"<div id=\"pl-1804\"  class=\"panel-layout\" ><div id=\"pg-1804-0\"  class=\"panel-grid panel-no-style\" ><div id=\"pgc-1804-0-0\"  class=\"panel-grid-cell\" ><div id=\"panel-1804-0-0-0\" class=\"widget_text so-panel widget widget_custom_html panel-first-child panel-last-child\" data-index=\"0\" ><div class=\"textwidget custom-html-widget\"><!-- wp:paragraph -->\n<p>Para as persoas participantes seleccionadas, procederase a dese\u00f1ar o seu perfil profesional mediante un diagn\u00f3stico previo para definir as s\u00faas necesidades formativas e as s\u00faas preferencias profesionais.<\/p>\n<!-- \/wp:paragraph -->\n\n<!-- wp:image {\"align\":\"center\",\"id\":1056} -->\n<figure class=\"wp-block-image aligncenter\"><img loading=\"lazy\" decoding=\"async\" width=\"1047\" height=\"410\" src=\"https:\/\/chave.cec.es\/wp-content\/uploads\/2018\/09\/formacion.jpg\" alt=\"\" class=\"wp-image-1056\" srcset=\"https:\/\/chave.cec.es\/wp-content\/uploads\/2018\/09\/formacion.jpg 1047w, https:\/\/chave.cec.es\/wp-content\/uploads\/2018\/09\/formacion-300x117.jpg 300w, https:\/\/chave.cec.es\/wp-content\/uploads\/2018\/09\/formacion-768x301.jpg 768w, https:\/\/chave.cec.es\/wp-content\/uploads\/2018\/09\/formacion-1024x401.jpg 1024w\" sizes=\"auto, (max-width: 1047px) 100vw, 1047px\" \/><\/figure>\n<!-- \/wp:image -->\n\n<!-- wp:paragraph -->\n<p>Tendo en conta que o actual mercado laboral \u00e9 moi variante en t\u00f3dalas s\u00faas vertentes, no Plan Laboral CEC Coru\u00f1a 2024 contamos cun conxunto de acci\u00f3ns formativas que dotar\u00e1n aos\/\u00e1s participantes de t\u00f3dalas ferramentas precisas para que a s\u00faa procura de emprego sexa efectiva. Para que as persoas participantes logren desenvolver todo o seu potencial persoal e profesional, e alcancen as s\u00faas metas e obxectivos propostos, o plan incluir\u00e1 tam\u00e9n ferramentas e recursos formativos para a s\u00faa inserci\u00f3n laboral, organizaranse cursos en modalidade de impartici\u00f3n de teleformaci\u00f3n e cursos presenciais. Entre os temas figurar\u00e1n: Simulaci\u00f3ns de entrevistas de traballo, T\u00e9cnicas de expresi\u00f3n oral, Dese\u00f1o do Cv, Infojobs, Linkedin, Curso de Instagram, Bo uso de Intelixencia Artificial na procura de emprego, Acreditaci\u00f3n Docente para a Teleformaci\u00f3n, Ingl\u00e9s ou PRL entre outros.<\/p>\n<!-- \/wp:paragraph --><\/div><\/div><\/div><\/div><\/div>","protected":false},"excerpt":{"rendered":"<p>Para as persoas participantes seleccionadas, procederase a dese\u00f1ar o seu perfil profesional mediante un diagn\u00f3stico previo para definir as s\u00faas [&hellip;]<\/p>\n","protected":false},"author":1,"featured_media":0,"parent":0,"menu_order":0,"comment_status":"closed","ping_status":"closed","template":"page-templates\/full-width.php","meta":{"footnotes":""},"class_list":["post-1804","page","type-page","status-publish","hentry"],"_links":{"self":[{"href":"https:\/\/chave.cec.es\/index.php\/wp-json\/wp\/v2\/pages\/1804","targetHints":{"allow":["GET"]}}],"collection":[{"href":"https:\/\/chave.cec.es\/index.php\/wp-json\/wp\/v2\/pages"}],"about":[{"href":"https:\/\/chave.cec.es\/index.php\/wp-json\/wp\/v2\/types\/page"}],"author":[{"embeddable":true,"href":"https:\/\/chave.cec.es\/index.php\/wp-json\/wp\/v2\/users\/1"}],"replies":[{"embeddable":true,"href":"https:\/\/chave.cec.es\/index.php\/wp-json\/wp\/v2\/comments?post=1804"}],"version-history":[{"count":7,"href":"https:\/\/chave.cec.es\/index.php\/wp-json\/wp\/v2\/pages\/1804\/revisions"}],"predecessor-version":[{"id":1815,"href":"https:\/\/chave.cec.es\/index.php\/wp-json\/wp\/v2\/pages\/1804\/revisions\/1815"}],"wp:attachment":[{"href":"https:\/\/chave.cec.es\/index.php\/wp-json\/wp\/v2\/media?parent=1804"}],"curies":[{"name":"wp","href":"https:\/\/api.w.org\/{rel}","templated":true}]}}