{"id":1769,"date":"2024-01-19T12:05:06","date_gmt":"2024-01-19T12:05:06","guid":{"rendered":"https:\/\/chave.cec.es\/?page_id=1769"},"modified":"2024-06-28T07:53:33","modified_gmt":"2024-06-28T07:53:33","slug":"identidade-corporativa-2023","status":"publish","type":"page","link":"https:\/\/chave.cec.es\/index.php\/identidade-corporativa-2023\/","title":{"rendered":"Identidade corporativa 2023"},"content":{"rendered":"<div id=\"pl-1769\"  class=\"panel-layout\" ><div id=\"pg-1769-0\"  class=\"panel-grid panel-has-style\" ><div class=\"panel-row-style panel-row-style-for-1769-0\" ><div id=\"pgc-1769-0-0\"  class=\"panel-grid-cell\" ><div id=\"panel-1769-0-0-0\" class=\"so-panel widget widget_text panel-first-child\" data-index=\"0\" >\t\t\t<div class=\"textwidget\"><p>O dese\u00f1o do proxecto ti\u00f1a que reflectir claramente a comarca da Coru\u00f1a.<\/p>\n<p>A imaxe corporativa div\u00eddese en d\u00faas partes:<\/p>\n<ul>\n<li>Montaxe fotogr\u00e1fica<\/li>\n<li>T\u00edtulo e slogan<\/li>\n<\/ul>\n<\/div>\n\t\t<\/div><div id=\"panel-1769-0-0-1\" class=\"so-panel widget widget_themegrill_flash_heading tg-widget section-title-wrapper\" data-index=\"1\" >\t<h3 class=\"section-title\">MONTAXE FOTOGR\u00c1FICA<\/h3>\n<\/div><div id=\"panel-1769-0-0-2\" class=\"so-panel widget widget_text\" data-index=\"2\" >\t\t\t<div class=\"textwidget\"><p>Este proxecto est\u00e1 orientado a persoas da comarca da Coru\u00f1a. Para a montaxe fotogr\u00e1fica a diferenza de edici\u00f3ns anteriores que usamos a Torre de H\u00e9rcules como monumento hist\u00f3rico e emblem\u00e1tico para representar a cidade, este reflicte o<strong> traballo colaborativo<\/strong> que foi fundamental no \u00e9xito da nosa iniciativa. Podemos observar a un grupo de persoas comprometidas, sentadas ao redor dunha mesa equipada con ordenadores, inmersos no proceso de realizaci\u00f3n do proxecto.<\/p>\n<p>O elemento central desta imaxe \u00e9 a evidente sinerxia entre as persoas participantes e as persoas que o xestionan, cada unha achegando as s\u00faas habilidades e co\u00f1ecementos para alcanzar obxectivos com\u00fans. A disposici\u00f3n dos <b>ordenadores <\/b>na mesa reflicte a integraci\u00f3n efectiva da tecnolox\u00eda como <strong>ferramenta facilitadora do noso labor conxunto<\/strong>.<\/p>\n<p>A visualizaci\u00f3n da <strong>web<\/strong> e do <strong>cronograma<\/strong> nas pantallas resalta a transparencia e a eficiencia na xesti\u00f3n. A web \u00e9 a culminaci\u00f3n de esforzos colectivos, onde cada detalle foi meticulosamente maquetado para proporcionar unha <strong>experiencia informativa e accesible<\/strong>. A presenza do cronograma non s\u00f3 demostra unha planificaci\u00f3n meticulosa, sen\u00f3n tam\u00e9n unha <strong>comunicaci\u00f3n clara sobre as metas e as fases cr\u00edticas do proxecto<\/strong>.<\/p>\n<p>Esta imaxe reflicte o noso compromiso coa colaboraci\u00f3n e a transparencia en cada etapa, onde a diversidade de talentos converxe cara a un prop\u00f3sito com\u00fan: <strong>ofrecer unha proposta educativa produtiva e ben estruturada que facilite o acceso ao mercado laboral<\/strong>.<\/p>\n<p><img loading=\"lazy\" decoding=\"async\" class=\"aligncenter size-full wp-image-1770\" src=\"https:\/\/chave.cec.es\/wp-content\/uploads\/2024\/01\/plan-laboral.jpg\" alt=\"plan-laboral-2023\" width=\"885\" height=\"567\" srcset=\"https:\/\/chave.cec.es\/wp-content\/uploads\/2024\/01\/plan-laboral.jpg 885w, https:\/\/chave.cec.es\/wp-content\/uploads\/2024\/01\/plan-laboral-300x192.jpg 300w, https:\/\/chave.cec.es\/wp-content\/uploads\/2024\/01\/plan-laboral-768x492.jpg 768w\" sizes=\"auto, (max-width: 885px) 100vw, 885px\" \/><\/p>\n<\/div>\n\t\t<\/div><div id=\"panel-1769-0-0-3\" class=\"so-panel widget widget_themegrill_flash_heading tg-widget section-title-wrapper\" data-index=\"3\" ><div class=\"panel-widget-style panel-widget-style-for-1769-0-0-3\" >\t<h3 class=\"section-title\">T\u00cdTULO E SLOGAN<\/h3>\n<\/div><\/div><div id=\"panel-1769-0-0-4\" class=\"so-panel widget widget_text panel-last-child\" data-index=\"4\" >\t\t\t<div class=\"textwidget\"><p>Por que o t\u00edtulo \u201c<strong>KEY MOMENT<\/strong>\u201d? Porque na actualidade o p\u00fablico novo m\u00f3vese nun entorno global a trav\u00e9s de Internet e as redes sociais, onde o idioma ingl\u00e9s \u00e9 un referente e soe ser empregado habitualmente nestes entornos, as\u00ed que utilizar a s\u00faa linguaxe \u00e9 unha forma de conectar con eles, chamar a s\u00faa atenci\u00f3n e aumentar o impacto da campa\u00f1a. O significado \u00e9 \u201cMomento clave\u201d, xa que con estas idades est\u00e1n nunha situaci\u00f3n crucial para decidir cal vai ser o seu cami\u00f1o profesional.<\/p>\n<p>Por\u00e9n, tam\u00e9n quixemos darlle importancia a nosa lingua c\u00f3 slogan \u201c<strong>A chave do teu futuro<\/strong>\u201d en galego para non esquecer a ligaz\u00f3n coa nosa terra e expresar que con este proxecto dar\u00e9moslles un impulso para construir unha marca persoal s\u00f3lida, onde mostrar os seus puntos m\u00e1is fortes e que poidan optar a todo un abanico de posibilidades laborais.<\/p>\n<p><img loading=\"lazy\" decoding=\"async\" class=\"aligncenter size-full wp-image-1179\" src=\"https:\/\/chave.cec.es\/wp-content\/uploads\/2019\/09\/keymoment.jpg\" alt=\"T\u00cdTULO E SLOGAN\" width=\"885\" height=\"313\" srcset=\"https:\/\/chave.cec.es\/wp-content\/uploads\/2019\/09\/keymoment.jpg 885w, https:\/\/chave.cec.es\/wp-content\/uploads\/2019\/09\/keymoment-300x106.jpg 300w, https:\/\/chave.cec.es\/wp-content\/uploads\/2019\/09\/keymoment-768x272.jpg 768w\" sizes=\"auto, (max-width: 885px) 100vw, 885px\" \/><\/p>\n<\/div>\n\t\t<\/div><\/div><\/div><\/div><\/div>","protected":false},"excerpt":{"rendered":"<p>O dese\u00f1o do proxecto ti\u00f1a que reflectir claramente a comarca da Coru\u00f1a. A imaxe corporativa div\u00eddese en d\u00faas partes: Montaxe [&hellip;]<\/p>\n","protected":false},"author":1,"featured_media":0,"parent":0,"menu_order":0,"comment_status":"closed","ping_status":"closed","template":"page-templates\/full-width.php","meta":{"footnotes":""},"class_list":["post-1769","page","type-page","status-publish","hentry"],"_links":{"self":[{"href":"https:\/\/chave.cec.es\/index.php\/wp-json\/wp\/v2\/pages\/1769","targetHints":{"allow":["GET"]}}],"collection":[{"href":"https:\/\/chave.cec.es\/index.php\/wp-json\/wp\/v2\/pages"}],"about":[{"href":"https:\/\/chave.cec.es\/index.php\/wp-json\/wp\/v2\/types\/page"}],"author":[{"embeddable":true,"href":"https:\/\/chave.cec.es\/index.php\/wp-json\/wp\/v2\/users\/1"}],"replies":[{"embeddable":true,"href":"https:\/\/chave.cec.es\/index.php\/wp-json\/wp\/v2\/comments?post=1769"}],"version-history":[{"count":7,"href":"https:\/\/chave.cec.es\/index.php\/wp-json\/wp\/v2\/pages\/1769\/revisions"}],"predecessor-version":[{"id":1773,"href":"https:\/\/chave.cec.es\/index.php\/wp-json\/wp\/v2\/pages\/1769\/revisions\/1773"}],"wp:attachment":[{"href":"https:\/\/chave.cec.es\/index.php\/wp-json\/wp\/v2\/media?parent=1769"}],"curies":[{"name":"wp","href":"https:\/\/api.w.org\/{rel}","templated":true}]}}