{"id":1581,"date":"2022-05-10T07:51:34","date_gmt":"2022-05-10T07:51:34","guid":{"rendered":"https:\/\/chave.cec.es\/?page_id=1581"},"modified":"2022-05-10T08:15:50","modified_gmt":"2022-05-10T08:15:50","slug":"identidade-corporativa-2022","status":"publish","type":"page","link":"https:\/\/chave.cec.es\/index.php\/identidade-corporativa-2022\/","title":{"rendered":"Identidade corporativa 2022"},"content":{"rendered":"<div id=\"pl-1581\"  class=\"panel-layout\" ><div id=\"pg-1581-0\"  class=\"panel-grid panel-has-style\" ><div class=\"panel-row-style panel-row-style-for-1581-0\" ><div id=\"pgc-1581-0-0\"  class=\"panel-grid-cell\" ><div id=\"panel-1581-0-0-0\" class=\"so-panel widget widget_text panel-first-child\" data-index=\"0\" >\t\t\t<div class=\"textwidget\"><p>O dese\u00f1o do proxecto ti\u00f1a que reflectir claramente a comarca da Coru\u00f1a.<\/p>\n<p>A imaxe corporativa div\u00eddese en d\u00faas partes:<\/p>\n<ul>\n<li>Montaxe fotogr\u00e1fica<\/li>\n<li>T\u00edtulo e slogan<\/li>\n<\/ul>\n<\/div>\n\t\t<\/div><div id=\"panel-1581-0-0-1\" class=\"so-panel widget widget_themegrill_flash_heading tg-widget section-title-wrapper\" data-index=\"1\" >\t<h3 class=\"section-title\">MONTAXE FOTOGR\u00c1FICA<\/h3>\n<\/div><div id=\"panel-1581-0-0-2\" class=\"so-panel widget widget_text\" data-index=\"2\" >\t\t\t<div class=\"textwidget\"><p>Este proxecto est\u00e1 orientado a persoas da comarca da Coru\u00f1a. Para a montaxe fotogr\u00e1fica a diferenza de edici\u00f3ns anteriores que usamos a Torre de H\u00e9rcules como monumento hist\u00f3rico e emblem\u00e1tico para representar a cidade, <strong>este ano base\u00e1monos na cor \u00abVerde Galicia\u00bb<\/strong>.\u00a0 Unha cor \u00fanica que para poder apreciala en toda a s\u00faa explendor debes adentrarte nun bosque galego, a ser posible cando o orballo faga a s\u00faa funci\u00f3n, xa que converte o sinxelo nalgo m\u00e1xico.<\/p>\n<p>A natureza favorece o aprendizaxe, a concentraci\u00f3n e a relaxaci\u00f3n. Tam\u00e9n reduce o estr\u00e9s e estimula os nosos cincos sentidos axud\u00e1ndonos a ser persoas moito m\u00e1is creativas. \u00c9 unha fonte constante de est\u00edmulos positivos adaptado ao ritmo de cada persoa. Coa unidade formativa de este ano <strong>buscamos que as persoas participantes poidan crecer e aprender como seres hol\u00edsticos<\/strong>, tendo en conta o contorno e os diferentes aspectos que compo\u00f1en \u00e1 persoa, nun marco de colaboraci\u00f3n, intercambio e solidariedade.<\/p>\n<p>Moitas persoas a\u00ednda non saben que cami\u00f1o seguir, xa que unha das consecuencias m\u00e1is devastadoras que trouxo esta pandemia foi un aumento de trastornos de sa\u00fade mental. Conectar connoscos mesmos \u00e9 un aspecto clave para gozar dunha vida en paz e harmon\u00eda. A pesar do estr\u00e9s da vida diaria, <strong>\u00e9 importante reservar un pequeno espazo de tempo para n\u00f3s<\/strong>.<\/p>\n<p><strong>O l\u00edquen \u00e9 un s\u00edmbolo de supervivencia<\/strong>, xa que ten unha fant\u00e1stica capacidade de adaptaci\u00f3n a calquera ecosistema. Neste dese\u00f1o adquire un gran valor, xa que queremos representar un cambio positivo nas persoas participantes, orient\u00e1ndoas e form\u00e1ndoas para que deixen atr\u00e1s os conflitos e problemas que poidan ter, e sigan evolucionando para poderse enfrontar a un mundo laboral afectado pola crise derivada do covid-19.<\/p>\n<p><img loading=\"lazy\" decoding=\"async\" class=\"aligncenter wp-image-1587 size-full\" src=\"https:\/\/chave.cec.es\/wp-content\/uploads\/2022\/05\/Identidade-corporativa-2022.jpg\" alt=\"Identidade Corporativa\" width=\"885\" height=\"567\" srcset=\"https:\/\/chave.cec.es\/wp-content\/uploads\/2022\/05\/Identidade-corporativa-2022.jpg 885w, https:\/\/chave.cec.es\/wp-content\/uploads\/2022\/05\/Identidade-corporativa-2022-300x192.jpg 300w, https:\/\/chave.cec.es\/wp-content\/uploads\/2022\/05\/Identidade-corporativa-2022-768x492.jpg 768w\" sizes=\"auto, (max-width: 885px) 100vw, 885px\" \/><\/p>\n<\/div>\n\t\t<\/div><div id=\"panel-1581-0-0-3\" class=\"so-panel widget widget_themegrill_flash_heading tg-widget section-title-wrapper\" data-index=\"3\" ><div class=\"panel-widget-style panel-widget-style-for-1581-0-0-3\" >\t<h3 class=\"section-title\">T\u00cdTULO E SLOGAN<\/h3>\n<\/div><\/div><div id=\"panel-1581-0-0-4\" class=\"so-panel widget widget_text panel-last-child\" data-index=\"4\" >\t\t\t<div class=\"textwidget\"><p>Por que o t\u00edtulo \u201c<strong>KEY MOMENT<\/strong>\u201d? Porque na actualidade o p\u00fablico novo m\u00f3vese nun entorno global a trav\u00e9s de Internet e as redes sociais, onde o idioma ingl\u00e9s \u00e9 un referente e soe ser empregado habitualmente nestes entornos, as\u00ed que utilizar a s\u00faa linguaxe \u00e9 unha forma de conectar con eles, chamar a s\u00faa atenci\u00f3n e aumentar o impacto da campa\u00f1a. O significado \u00e9 \u201cMomento clave\u201d, xa que con estas idades est\u00e1n nunha situaci\u00f3n crucial para decidir cal vai ser o seu cami\u00f1o profesional.<\/p>\n<p>Por\u00e9n, tam\u00e9n quixemos darlle importancia a nosa lingua c\u00f3 slogan \u201c<strong>A chave do teu futuro<\/strong>\u201d en galego para non esquecer a ligaz\u00f3n coa nosa terra e expresar que con este proxecto dar\u00e9moslles un impulso para construir unha marca persoal s\u00f3lida, onde mostrar os seus puntos m\u00e1is fortes e que poidan optar a todo un abanico de posibilidades laborais.<\/p>\n<p><img loading=\"lazy\" decoding=\"async\" class=\"aligncenter size-full wp-image-1179\" src=\"https:\/\/chave.cec.es\/wp-content\/uploads\/2019\/09\/keymoment.jpg\" alt=\"T\u00cdTULO E SLOGAN\" width=\"885\" height=\"313\" srcset=\"https:\/\/chave.cec.es\/wp-content\/uploads\/2019\/09\/keymoment.jpg 885w, https:\/\/chave.cec.es\/wp-content\/uploads\/2019\/09\/keymoment-300x106.jpg 300w, https:\/\/chave.cec.es\/wp-content\/uploads\/2019\/09\/keymoment-768x272.jpg 768w\" sizes=\"auto, (max-width: 885px) 100vw, 885px\" \/><\/p>\n<\/div>\n\t\t<\/div><\/div><\/div><\/div><\/div>","protected":false},"excerpt":{"rendered":"<p>O dese\u00f1o do proxecto ti\u00f1a que reflectir claramente a comarca da Coru\u00f1a. A imaxe corporativa div\u00eddese en d\u00faas partes: Montaxe [&hellip;]<\/p>\n","protected":false},"author":1,"featured_media":0,"parent":0,"menu_order":0,"comment_status":"closed","ping_status":"closed","template":"","meta":{"footnotes":""},"class_list":["post-1581","page","type-page","status-publish","hentry"],"_links":{"self":[{"href":"https:\/\/chave.cec.es\/index.php\/wp-json\/wp\/v2\/pages\/1581","targetHints":{"allow":["GET"]}}],"collection":[{"href":"https:\/\/chave.cec.es\/index.php\/wp-json\/wp\/v2\/pages"}],"about":[{"href":"https:\/\/chave.cec.es\/index.php\/wp-json\/wp\/v2\/types\/page"}],"author":[{"embeddable":true,"href":"https:\/\/chave.cec.es\/index.php\/wp-json\/wp\/v2\/users\/1"}],"replies":[{"embeddable":true,"href":"https:\/\/chave.cec.es\/index.php\/wp-json\/wp\/v2\/comments?post=1581"}],"version-history":[{"count":7,"href":"https:\/\/chave.cec.es\/index.php\/wp-json\/wp\/v2\/pages\/1581\/revisions"}],"predecessor-version":[{"id":1584,"href":"https:\/\/chave.cec.es\/index.php\/wp-json\/wp\/v2\/pages\/1581\/revisions\/1584"}],"wp:attachment":[{"href":"https:\/\/chave.cec.es\/index.php\/wp-json\/wp\/v2\/media?parent=1581"}],"curies":[{"name":"wp","href":"https:\/\/api.w.org\/{rel}","templated":true}]}}